{"id":9160,"date":"2025-09-28T21:59:44","date_gmt":"2025-09-29T01:59:44","guid":{"rendered":"https:\/\/lgfb.ca\/?page_id=9160"},"modified":"2025-09-28T22:02:05","modified_gmt":"2025-09-29T02:02:05","slug":"volunteer-thank-you","status":"publish","type":"page","link":"https:\/\/lgfb.ca\/fr\/volunteer-thank-you\/","title":{"rendered":"Volunteer Thank You"},"content":{"rendered":"<section id=\"block_229a205ca6edd6e369d8dcd3c9a04a46\" class=\"simple-hero simple-hero--aqua wp-block-simple-hero\">\n      <div class=\"simple-hero__inner\">\n        <div class=\"simple-hero__container container\">\n          <div class=\"simple-hero__content simple-hero__content--left\">\n                                      <h1 class=\"simple-hero__title\">Merci!<\/h1>\n                                                  <p class=\"simple-hero__text\">Merci d\u2019avoir compl\u00e9t\u00e9 le formulaire profil de b\u00e9n\u00e9voles de Belle et bien dans sa peau. Vous serez uniquement contact\u00e9 lorsque des occasions de b\u00e9n\u00e9volat se pr\u00e9senteront selon l&#039;exp\u00e9rience requise et quand il y aura un besoin de b\u00e9n\u00e9voles dans votre communaut\u00e9. Si nous ne vous avons pas contact\u00e9 durant une p\u00e9riode d\u2019un an, s&#039;il vous pla\u00eet soumettre un nouveau profil.<\/p>\n                      <\/div>\n          <div class=\"simple-hero__content simple-hero__content--right\">\n                      <\/div>\n        <\/div>\n              <\/div>\n    <\/section>\n","protected":false},"excerpt":{"rendered":"","protected":false},"author":8,"featured_media":0,"parent":0,"menu_order":0,"comment_status":"closed","ping_status":"closed","template":"","meta":{"_acf_changed":false,"footnotes":""},"topic":[],"treatment-stage":[],"audience-type":[],"gender":[],"class_list":["post-9160","page","type-page","status-publish","hentry"],"acf":[],"yoast_head":"<!-- This site is optimized with the Yoast SEO plugin v27.2 - https:\/\/yoast.com\/product\/yoast-seo-wordpress\/ -->\n<title>Volunteer Thank You - LGFB<\/title>\n<meta name=\"robots\" content=\"index, follow, max-snippet:-1, max-image-preview:large, max-video-preview:-1\" \/>\n<link rel=\"canonical\" href=\"https:\/\/lgfb.ca\/fr\/volunteer-thank-you\/\" \/>\n<meta property=\"og:locale\" content=\"fr_FR\" \/>\n<meta property=\"og:type\" content=\"article\" \/>\n<meta property=\"og:title\" content=\"Volunteer Thank You - LGFB\" \/>\n<meta property=\"og:url\" content=\"https:\/\/lgfb.ca\/fr\/volunteer-thank-you\/\" \/>\n<meta property=\"og:site_name\" content=\"LGFB\" \/>\n<meta property=\"article:modified_time\" content=\"2025-09-29T02:02:05+00:00\" \/>\n<meta name=\"twitter:card\" content=\"summary_large_image\" \/>\n<script type=\"application\/ld+json\" class=\"yoast-schema-graph\">{\"@context\":\"https:\/\/schema.org\",\"@graph\":[{\"@type\":\"WebPage\",\"@id\":\"https:\/\/lgfb.ca\/fr\/volunteer-thank-you\/\",\"url\":\"https:\/\/lgfb.ca\/fr\/volunteer-thank-you\/\",\"name\":\"Volunteer Thank You - LGFB\",\"isPartOf\":{\"@id\":\"https:\/\/lgfb.ca\/fr\/#website\"},\"datePublished\":\"2025-09-29T01:59:44+00:00\",\"dateModified\":\"2025-09-29T02:02:05+00:00\",\"breadcrumb\":{\"@id\":\"https:\/\/lgfb.ca\/fr\/volunteer-thank-you\/#breadcrumb\"},\"inLanguage\":\"fr-FR\",\"potentialAction\":[{\"@type\":\"ReadAction\",\"target\":[\"https:\/\/lgfb.ca\/fr\/volunteer-thank-you\/\"]}]},{\"@type\":\"BreadcrumbList\",\"@id\":\"https:\/\/lgfb.ca\/fr\/volunteer-thank-you\/#breadcrumb\",\"itemListElement\":[{\"@type\":\"ListItem\",\"position\":1,\"name\":\"Home\",\"item\":\"https:\/\/lgfb.ca\/fr\/\"},{\"@type\":\"ListItem\",\"position\":2,\"name\":\"Volunteer Thank You\"}]},{\"@type\":\"WebSite\",\"@id\":\"https:\/\/lgfb.ca\/fr\/#website\",\"url\":\"https:\/\/lgfb.ca\/fr\/\",\"name\":\"LGFB\",\"description\":\"\",\"potentialAction\":[{\"@type\":\"SearchAction\",\"target\":{\"@type\":\"EntryPoint\",\"urlTemplate\":\"https:\/\/lgfb.ca\/fr\/?s={search_term_string}\"},\"query-input\":{\"@type\":\"PropertyValueSpecification\",\"valueRequired\":true,\"valueName\":\"search_term_string\"}}],\"inLanguage\":\"fr-FR\"}]}<\/script>\n<!-- \/ Yoast SEO plugin. -->","yoast_head_json":{"title":"Volunteer Thank You - LGFB","robots":{"index":"index","follow":"follow","max-snippet":"max-snippet:-1","max-image-preview":"max-image-preview:large","max-video-preview":"max-video-preview:-1"},"canonical":"https:\/\/lgfb.ca\/fr\/volunteer-thank-you\/","og_locale":"fr_FR","og_type":"article","og_title":"Volunteer Thank You - LGFB","og_url":"https:\/\/lgfb.ca\/fr\/volunteer-thank-you\/","og_site_name":"LGFB","article_modified_time":"2025-09-29T02:02:05+00:00","twitter_card":"summary_large_image","schema":{"@context":"https:\/\/schema.org","@graph":[{"@type":"WebPage","@id":"https:\/\/lgfb.ca\/fr\/volunteer-thank-you\/","url":"https:\/\/lgfb.ca\/fr\/volunteer-thank-you\/","name":"Volunteer Thank You - LGFB","isPartOf":{"@id":"https:\/\/lgfb.ca\/fr\/#website"},"datePublished":"2025-09-29T01:59:44+00:00","dateModified":"2025-09-29T02:02:05+00:00","breadcrumb":{"@id":"https:\/\/lgfb.ca\/fr\/volunteer-thank-you\/#breadcrumb"},"inLanguage":"fr-FR","potentialAction":[{"@type":"ReadAction","target":["https:\/\/lgfb.ca\/fr\/volunteer-thank-you\/"]}]},{"@type":"BreadcrumbList","@id":"https:\/\/lgfb.ca\/fr\/volunteer-thank-you\/#breadcrumb","itemListElement":[{"@type":"ListItem","position":1,"name":"Home","item":"https:\/\/lgfb.ca\/fr\/"},{"@type":"ListItem","position":2,"name":"Volunteer Thank You"}]},{"@type":"WebSite","@id":"https:\/\/lgfb.ca\/fr\/#website","url":"https:\/\/lgfb.ca\/fr\/","name":"LGFB","description":"","potentialAction":[{"@type":"SearchAction","target":{"@type":"EntryPoint","urlTemplate":"https:\/\/lgfb.ca\/fr\/?s={search_term_string}"},"query-input":{"@type":"PropertyValueSpecification","valueRequired":true,"valueName":"search_term_string"}}],"inLanguage":"fr-FR"}]}},"_links":{"self":[{"href":"https:\/\/lgfb.ca\/fr\/wp-json\/wp\/v2\/pages\/9160","targetHints":{"allow":["GET"]}}],"collection":[{"href":"https:\/\/lgfb.ca\/fr\/wp-json\/wp\/v2\/pages"}],"about":[{"href":"https:\/\/lgfb.ca\/fr\/wp-json\/wp\/v2\/types\/page"}],"author":[{"embeddable":true,"href":"https:\/\/lgfb.ca\/fr\/wp-json\/wp\/v2\/users\/8"}],"replies":[{"embeddable":true,"href":"https:\/\/lgfb.ca\/fr\/wp-json\/wp\/v2\/comments?post=9160"}],"version-history":[{"count":2,"href":"https:\/\/lgfb.ca\/fr\/wp-json\/wp\/v2\/pages\/9160\/revisions"}],"predecessor-version":[{"id":9164,"href":"https:\/\/lgfb.ca\/fr\/wp-json\/wp\/v2\/pages\/9160\/revisions\/9164"}],"wp:attachment":[{"href":"https:\/\/lgfb.ca\/fr\/wp-json\/wp\/v2\/media?parent=9160"}],"wp:term":[{"taxonomy":"topic","embeddable":true,"href":"https:\/\/lgfb.ca\/fr\/wp-json\/wp\/v2\/topic?post=9160"},{"taxonomy":"treatment-stage","embeddable":true,"href":"https:\/\/lgfb.ca\/fr\/wp-json\/wp\/v2\/treatment-stage?post=9160"},{"taxonomy":"audience-type","embeddable":true,"href":"https:\/\/lgfb.ca\/fr\/wp-json\/wp\/v2\/audience-type?post=9160"},{"taxonomy":"gender","embeddable":true,"href":"https:\/\/lgfb.ca\/fr\/wp-json\/wp\/v2\/gender?post=9160"}],"curies":[{"name":"wp","href":"https:\/\/api.w.org\/{rel}","templated":true}]}}