{"id":4982,"date":"2025-09-11T01:45:54","date_gmt":"2025-09-11T05:45:54","guid":{"rendered":"https:\/\/lgfb.ca\/caregiver-practical-tips-resources\/"},"modified":"2025-11-17T17:59:02","modified_gmt":"2025-11-17T22:59:02","slug":"caregiver-practical-tips-resources","status":"publish","type":"page","link":"https:\/\/lgfb.ca\/fr\/caregiver-practical-tips-resources\/","title":{"rendered":"Conseils pratiques et ressources pour les aidants"},"content":{"rendered":"<section id=\"block_fe78a31fd509253438323a62150ebc3f\" class=\"lgfb-rich-text wp-block-rich-text\">\n        <div class=\"container\">\n            <div class=\"lgfb-rich-text__inner\">\n                                  <blockquote>\n<h4><span style=\"color: #a42b5f;\"><span style=\"font-weight: 400;\">&lt;&lt; <\/span><span style=\"font-weight: 400;\">Lorsque ma m\u00e8re a re\u00e7u son diagnostic de cancer, nous avons toutes les deux endoss\u00e9 de nouveaux r\u00f4les. Tout n&#8217;\u00e9tait pas toujours parfait, mais prendre soin d&#8217;elle m&#8217;a aid\u00e9e \u00e0 boucler la boucle de notre amour. Et cela a montr\u00e9 \u00e0 mes enfants que personne ne peut tout assumer seul. Nous \u00e9tions tous dans le m\u00eame bateau. Les ateliers Belle et bien dans sa peau lui ont apport\u00e9 beaucoup de joie et de soutien. Ils m&#8217;ont \u00e9galement propos\u00e9 des moyens concrets et tangibles d&#8217;aider ma famille et mes amis. &gt;&gt;<\/span><\/span><\/h4>\n<p><span style=\"font-weight: 400;\">Chelsea W., <\/span><span style=\"font-weight: 400;\">Aidante d&#8217;une participante \u00e0 l&#8217;atelier<\/span><\/p><\/blockquote>\n\n                            <\/div>\n                    <\/div>\n    <\/section>\n","protected":false},"excerpt":{"rendered":"","protected":false},"author":8,"featured_media":7267,"parent":0,"menu_order":0,"comment_status":"closed","ping_status":"closed","template":"resource-landing.blade.php","meta":{"_acf_changed":false,"footnotes":""},"topic":[104,96,93],"treatment-stage":[77,76,75,78],"audience-type":[80],"gender":[],"class_list":["post-4982","page","type-page","status-publish","has-post-thumbnail","hentry","topic-conseils-pratiques","topic-famille-et-relations","topic-prendre-soin-de-soi-et-pleine-conscience","treatment-stage-apres-le-traitement","treatment-stage-en-cours-de-traitement","treatment-stage-pre-traitement","treatment-stage-vivre-avec-le-cancer","audience-type-aidants"],"acf":[],"yoast_head":"<!-- This site is optimized with the Yoast SEO plugin v27.2 - https:\/\/yoast.com\/product\/yoast-seo-wordpress\/ -->\n<title>Conseils pratiques et ressources pour les aidants - LGFB<\/title>\n<meta name=\"description\" content=\"D\u00e9couvrez des ressources pour les aidants de personnes atteintes d&#039;un cancer, des conseils pratiques et un soutien \u00e9motionnel pour vous aider \u00e0 prendre soin de vous et de votre proche \u00e0 chaque \u00e9tape de son parcours.\" \/>\n<meta name=\"robots\" content=\"index, follow, max-snippet:-1, max-image-preview:large, max-video-preview:-1\" \/>\n<link rel=\"canonical\" href=\"https:\/\/lgfb.ca\/fr\/caregiver-practical-tips-resources\/\" \/>\n<meta property=\"og:locale\" content=\"fr_FR\" \/>\n<meta property=\"og:type\" content=\"article\" \/>\n<meta property=\"og:title\" content=\"Conseils pratiques et ressources pour les aidants - LGFB\" \/>\n<meta property=\"og:description\" content=\"D\u00e9couvrez des ressources pour les aidants de personnes atteintes d&#039;un cancer, des conseils pratiques et un soutien \u00e9motionnel pour vous aider \u00e0 prendre soin de vous et de votre proche \u00e0 chaque \u00e9tape de son parcours.\" \/>\n<meta property=\"og:url\" content=\"https:\/\/lgfb.ca\/fr\/caregiver-practical-tips-resources\/\" \/>\n<meta property=\"og:site_name\" content=\"LGFB\" \/>\n<meta property=\"article:modified_time\" content=\"2025-11-17T22:59:02+00:00\" \/>\n<meta property=\"og:image\" content=\"https:\/\/lgfb.ca\/wp-content\/uploads\/2025\/09\/caregiver-holding-hands@2x-scaled.jpg\" \/>\n\t<meta property=\"og:image:width\" content=\"2560\" \/>\n\t<meta property=\"og:image:height\" content=\"1707\" \/>\n\t<meta property=\"og:image:type\" content=\"image\/jpeg\" \/>\n<meta name=\"twitter:card\" content=\"summary_large_image\" \/>\n<meta name=\"twitter:label1\" content=\"Est. reading time\" \/>\n\t<meta name=\"twitter:data1\" content=\"1 minute\" \/>\n<script type=\"application\/ld+json\" class=\"yoast-schema-graph\">{\"@context\":\"https:\/\/schema.org\",\"@graph\":[{\"@type\":\"WebPage\",\"@id\":\"https:\/\/lgfb.ca\/fr\/caregiver-practical-tips-resources\/\",\"url\":\"https:\/\/lgfb.ca\/fr\/caregiver-practical-tips-resources\/\",\"name\":\"Conseils pratiques et ressources pour les aidants - LGFB\",\"isPartOf\":{\"@id\":\"https:\/\/lgfb.ca\/fr\/#website\"},\"primaryImageOfPage\":{\"@id\":\"https:\/\/lgfb.ca\/fr\/caregiver-practical-tips-resources\/#primaryimage\"},\"image\":{\"@id\":\"https:\/\/lgfb.ca\/fr\/caregiver-practical-tips-resources\/#primaryimage\"},\"thumbnailUrl\":\"https:\/\/lgfb.ca\/wp-content\/uploads\/2025\/09\/caregiver-holding-hands@2x-scaled.jpg\",\"datePublished\":\"2025-09-11T05:45:54+00:00\",\"dateModified\":\"2025-11-17T22:59:02+00:00\",\"description\":\"D\u00e9couvrez des ressources pour les aidants de personnes atteintes d'un cancer, des conseils pratiques et un soutien \u00e9motionnel pour vous aider \u00e0 prendre soin de vous et de votre proche \u00e0 chaque \u00e9tape de son parcours.\",\"breadcrumb\":{\"@id\":\"https:\/\/lgfb.ca\/fr\/caregiver-practical-tips-resources\/#breadcrumb\"},\"inLanguage\":\"fr-FR\",\"potentialAction\":[{\"@type\":\"ReadAction\",\"target\":[\"https:\/\/lgfb.ca\/fr\/caregiver-practical-tips-resources\/\"]}]},{\"@type\":\"ImageObject\",\"inLanguage\":\"fr-FR\",\"@id\":\"https:\/\/lgfb.ca\/fr\/caregiver-practical-tips-resources\/#primaryimage\",\"url\":\"https:\/\/lgfb.ca\/wp-content\/uploads\/2025\/09\/caregiver-holding-hands@2x-scaled.jpg\",\"contentUrl\":\"https:\/\/lgfb.ca\/wp-content\/uploads\/2025\/09\/caregiver-holding-hands@2x-scaled.jpg\",\"width\":2560,\"height\":1707,\"caption\":\"A close-up of someone holding someone else's hand.\"},{\"@type\":\"BreadcrumbList\",\"@id\":\"https:\/\/lgfb.ca\/fr\/caregiver-practical-tips-resources\/#breadcrumb\",\"itemListElement\":[{\"@type\":\"ListItem\",\"position\":1,\"name\":\"Home\",\"item\":\"https:\/\/lgfb.ca\/fr\/\"},{\"@type\":\"ListItem\",\"position\":2,\"name\":\"Conseils pratiques et ressources pour les aidants\"}]},{\"@type\":\"WebSite\",\"@id\":\"https:\/\/lgfb.ca\/fr\/#website\",\"url\":\"https:\/\/lgfb.ca\/fr\/\",\"name\":\"LGFB\",\"description\":\"\",\"potentialAction\":[{\"@type\":\"SearchAction\",\"target\":{\"@type\":\"EntryPoint\",\"urlTemplate\":\"https:\/\/lgfb.ca\/fr\/?s={search_term_string}\"},\"query-input\":{\"@type\":\"PropertyValueSpecification\",\"valueRequired\":true,\"valueName\":\"search_term_string\"}}],\"inLanguage\":\"fr-FR\"}]}<\/script>\n<!-- \/ Yoast SEO plugin. -->","yoast_head_json":{"title":"Conseils pratiques et ressources pour les aidants - LGFB","description":"D\u00e9couvrez des ressources pour les aidants de personnes atteintes d'un cancer, des conseils pratiques et un soutien \u00e9motionnel pour vous aider \u00e0 prendre soin de vous et de votre proche \u00e0 chaque \u00e9tape de son parcours.","robots":{"index":"index","follow":"follow","max-snippet":"max-snippet:-1","max-image-preview":"max-image-preview:large","max-video-preview":"max-video-preview:-1"},"canonical":"https:\/\/lgfb.ca\/fr\/caregiver-practical-tips-resources\/","og_locale":"fr_FR","og_type":"article","og_title":"Conseils pratiques et ressources pour les aidants - LGFB","og_description":"D\u00e9couvrez des ressources pour les aidants de personnes atteintes d'un cancer, des conseils pratiques et un soutien \u00e9motionnel pour vous aider \u00e0 prendre soin de vous et de votre proche \u00e0 chaque \u00e9tape de son parcours.","og_url":"https:\/\/lgfb.ca\/fr\/caregiver-practical-tips-resources\/","og_site_name":"LGFB","article_modified_time":"2025-11-17T22:59:02+00:00","og_image":[{"width":2560,"height":1707,"url":"https:\/\/lgfb.ca\/wp-content\/uploads\/2025\/09\/caregiver-holding-hands@2x-scaled.jpg","type":"image\/jpeg"}],"twitter_card":"summary_large_image","twitter_misc":{"Est. reading time":"1 minute"},"schema":{"@context":"https:\/\/schema.org","@graph":[{"@type":"WebPage","@id":"https:\/\/lgfb.ca\/fr\/caregiver-practical-tips-resources\/","url":"https:\/\/lgfb.ca\/fr\/caregiver-practical-tips-resources\/","name":"Conseils pratiques et ressources pour les aidants - LGFB","isPartOf":{"@id":"https:\/\/lgfb.ca\/fr\/#website"},"primaryImageOfPage":{"@id":"https:\/\/lgfb.ca\/fr\/caregiver-practical-tips-resources\/#primaryimage"},"image":{"@id":"https:\/\/lgfb.ca\/fr\/caregiver-practical-tips-resources\/#primaryimage"},"thumbnailUrl":"https:\/\/lgfb.ca\/wp-content\/uploads\/2025\/09\/caregiver-holding-hands@2x-scaled.jpg","datePublished":"2025-09-11T05:45:54+00:00","dateModified":"2025-11-17T22:59:02+00:00","description":"D\u00e9couvrez des ressources pour les aidants de personnes atteintes d'un cancer, des conseils pratiques et un soutien \u00e9motionnel pour vous aider \u00e0 prendre soin de vous et de votre proche \u00e0 chaque \u00e9tape de son parcours.","breadcrumb":{"@id":"https:\/\/lgfb.ca\/fr\/caregiver-practical-tips-resources\/#breadcrumb"},"inLanguage":"fr-FR","potentialAction":[{"@type":"ReadAction","target":["https:\/\/lgfb.ca\/fr\/caregiver-practical-tips-resources\/"]}]},{"@type":"ImageObject","inLanguage":"fr-FR","@id":"https:\/\/lgfb.ca\/fr\/caregiver-practical-tips-resources\/#primaryimage","url":"https:\/\/lgfb.ca\/wp-content\/uploads\/2025\/09\/caregiver-holding-hands@2x-scaled.jpg","contentUrl":"https:\/\/lgfb.ca\/wp-content\/uploads\/2025\/09\/caregiver-holding-hands@2x-scaled.jpg","width":2560,"height":1707,"caption":"A close-up of someone holding someone else's hand."},{"@type":"BreadcrumbList","@id":"https:\/\/lgfb.ca\/fr\/caregiver-practical-tips-resources\/#breadcrumb","itemListElement":[{"@type":"ListItem","position":1,"name":"Home","item":"https:\/\/lgfb.ca\/fr\/"},{"@type":"ListItem","position":2,"name":"Conseils pratiques et ressources pour les aidants"}]},{"@type":"WebSite","@id":"https:\/\/lgfb.ca\/fr\/#website","url":"https:\/\/lgfb.ca\/fr\/","name":"LGFB","description":"","potentialAction":[{"@type":"SearchAction","target":{"@type":"EntryPoint","urlTemplate":"https:\/\/lgfb.ca\/fr\/?s={search_term_string}"},"query-input":{"@type":"PropertyValueSpecification","valueRequired":true,"valueName":"search_term_string"}}],"inLanguage":"fr-FR"}]}},"_links":{"self":[{"href":"https:\/\/lgfb.ca\/fr\/wp-json\/wp\/v2\/pages\/4982","targetHints":{"allow":["GET"]}}],"collection":[{"href":"https:\/\/lgfb.ca\/fr\/wp-json\/wp\/v2\/pages"}],"about":[{"href":"https:\/\/lgfb.ca\/fr\/wp-json\/wp\/v2\/types\/page"}],"author":[{"embeddable":true,"href":"https:\/\/lgfb.ca\/fr\/wp-json\/wp\/v2\/users\/8"}],"replies":[{"embeddable":true,"href":"https:\/\/lgfb.ca\/fr\/wp-json\/wp\/v2\/comments?post=4982"}],"version-history":[{"count":7,"href":"https:\/\/lgfb.ca\/fr\/wp-json\/wp\/v2\/pages\/4982\/revisions"}],"predecessor-version":[{"id":10863,"href":"https:\/\/lgfb.ca\/fr\/wp-json\/wp\/v2\/pages\/4982\/revisions\/10863"}],"wp:featuredmedia":[{"embeddable":true,"href":"https:\/\/lgfb.ca\/fr\/wp-json\/wp\/v2\/media\/7267"}],"wp:attachment":[{"href":"https:\/\/lgfb.ca\/fr\/wp-json\/wp\/v2\/media?parent=4982"}],"wp:term":[{"taxonomy":"topic","embeddable":true,"href":"https:\/\/lgfb.ca\/fr\/wp-json\/wp\/v2\/topic?post=4982"},{"taxonomy":"treatment-stage","embeddable":true,"href":"https:\/\/lgfb.ca\/fr\/wp-json\/wp\/v2\/treatment-stage?post=4982"},{"taxonomy":"audience-type","embeddable":true,"href":"https:\/\/lgfb.ca\/fr\/wp-json\/wp\/v2\/audience-type?post=4982"},{"taxonomy":"gender","embeddable":true,"href":"https:\/\/lgfb.ca\/fr\/wp-json\/wp\/v2\/gender?post=4982"}],"curies":[{"name":"wp","href":"https:\/\/api.w.org\/{rel}","templated":true}]}}