{"id":4928,"date":"2025-09-14T18:40:36","date_gmt":"2025-09-14T22:40:36","guid":{"rendered":"https:\/\/lgfb.ca\/about-us\/contact-us\/"},"modified":"2025-09-24T16:58:47","modified_gmt":"2025-09-24T20:58:47","slug":"contact-us","status":"publish","type":"page","link":"https:\/\/lgfb.ca\/fr\/about-us\/contact-us\/","title":{"rendered":"Contact Us"},"content":{"rendered":"<section id=\"block_4cb07260b187717c670b7a0011c479c6\" class=\"simple-hero simple-hero--purple wp-block-simple-hero\">\n      <div class=\"simple-hero__inner\">\n        <div class=\"simple-hero__container container\">\n          <div class=\"simple-hero__content simple-hero__content--left\">\n                                      <h1 class=\"simple-hero__title\">Contactez-nous<\/h1>\n                                      <img decoding=\"async\" class=\"lazy simple-hero__image simple-hero__image--mobile show-for-mobile\" src=\"https:\/\/lgfb.ca\/wp-content\/uploads\/2025\/09\/BIL-Logo-French-Forward-Simple-Hero-1024x579.png\" alt=\"Logo Belle et bien dans sa peau\" loading=\"lazy\"\n         \/>\n                                  <\/div>\n          <div class=\"simple-hero__content simple-hero__content--right\">\n                          <img decoding=\"async\" class=\"lazy simple-hero__image simple-hero__image--desktop show-for-desktop\" src=\"https:\/\/lgfb.ca\/wp-content\/uploads\/2025\/09\/BIL-Logo-French-Forward-Simple-Hero-1024x579.png\" alt=\"Logo Belle et bien dans sa peau\" loading=\"lazy\"\n         \/>\n                      <\/div>\n        <\/div>\n              <\/div>\n    <\/section>\n\n\n<section id=\"block_f2bd043456d53cead62726ba9b51344c\" class=\"lgfb-rich-text wp-block-rich-text\">\n        <div class=\"container\">\n            <div class=\"lgfb-rich-text__inner\">\n                                  <h3><span style=\"font-weight: 400;\">Vous avez une question sur notre programmation? Vous cherchez des moyens de vous impliquer davantage ou de redonner?<\/span><\/h3>\n<h4><span style=\"font-weight: 400;\"> Nous serions ravis de discuter avec vous.<\/span><\/h4>\n\n                            <\/div>\n                    <\/div>\n    <\/section>\n\n\n<div class=\"lgfb-spacer \" style=\"margin:-30px 0 0\"><\/div>\n\n\n\n<div class=\"wp-block-columns is-layout-flex wp-container-core-columns-is-layout-9d6595d7 wp-block-columns-is-layout-flex\">\n<div class=\"wp-block-column is-layout-flow wp-block-column-is-layout-flow\"><section id=\"block_74108fb0ead3c1685361daadb93e990d\" class=\"lgfb-rich-text wp-block-rich-text\">\n        <div class=\"container\">\n            <div class=\"lgfb-rich-text__inner\">\n                                  <p><strong><span style=\"color: #a42b5f;\">Demandes g\u00e9n\u00e9rales\u00a0<\/span><\/strong><\/p>\n<p><span style=\"font-weight: 400;\">Adresse postale :<\/span><\/p>\n<p><span style=\"font-weight: 400;\">150, avenue Eglinton Est, bureau 308<\/span><span style=\"font-weight: 400;\"><br \/>\n<\/span><span style=\"font-weight: 400;\">Toronto, ON M4P 1E8<\/span><span style=\"font-weight: 400;\"><br \/>\n<\/span><span style=\"font-weight: 400;\">Bureaux BBDSP : \u00a0647 776-5111<\/span><span style=\"font-weight: 400;\"><br \/>\n<\/span><span style=\"font-weight: 400;\">Info et Inscriptions: 1 800 914-5665<\/span><\/p>\n<p><a href=\"mailto:workshops@lgfb.ca\"><b>\u00a0workshops@lgfb.ca<\/b><\/a><\/p>\n<p>&nbsp;<\/p>\n\n                            <\/div>\n                    <\/div>\n    <\/section>\n<\/div>\n\n\n\n<div class=\"wp-block-column is-layout-flow wp-block-column-is-layout-flow\"><section id=\"block_ef86b5773a7773017461a2e40d468a37\" class=\"lgfb-rich-text wp-block-rich-text\">\n        <div class=\"container\">\n            <div class=\"lgfb-rich-text__inner\">\n                                  <p><strong><span style=\"color: #a42b5f;\">Fa\u00e7ons de redonner\u00a0<\/span><\/strong><\/p>\n<p><span style=\"font-weight: 400;\">Lisa Tobias<\/span><\/p>\n<p><span style=\"font-weight: 400;\">D\u00e9veloppement<\/span><\/p>\n<p><strong><a href=\"mailto:ltobias@lgfb.ca\">ltobias@lgfb.ca<\/a><\/strong><\/p>\n\n                            <\/div>\n                    <\/div>\n    <\/section>\n<\/div>\n\n\n\n<div class=\"wp-block-column is-layout-flow wp-block-column-is-layout-flow\"><section id=\"block_433b338605aca8b14e901a3f39babbf7\" class=\"lgfb-rich-text wp-block-rich-text\">\n        <div class=\"container\">\n            <div class=\"lgfb-rich-text__inner\">\n                                  <p><strong><span style=\"color: #a42b5f;\">Partagez votre exp<strong>\u00e9rience<\/strong>\u00a0<\/span><\/strong><\/p>\n<p><span style=\"font-weight: 400;\">D\u00e9partement de Marketing et Communications<\/span><\/p>\n<p><span style=\"font-weight: 400;\">1 800 914-5665<\/span><\/p>\n<p><strong><a href=\"mailto:news@lgfb.ca\">news@lgfb.ca<\/a><\/strong><\/p>\n\n                            <\/div>\n                    <\/div>\n    <\/section>\n<\/div>\n<\/div>\n\n\n<section id=\"block_7c1b5168185fb76b751ca293dfaf26a8\" class=\"lgfb-rich-text wp-block-rich-text\">\n        <div class=\"container\">\n            <div class=\"lgfb-rich-text__inner\">\n                                  <h3><span style=\"font-weight: 400;\">Atelier au Canada<\/span><\/h3>\n<p><span style=\"font-weight: 400;\">Pour toute question concernant les ateliers, entrez en contact avec la personne-ressource Belle et bien dans sa peau de votre r\u00e9gion :<\/span><\/p>\n\n                            <\/div>\n                    <\/div>\n    <\/section>\n\n\n\n<div class=\"wp-block-columns is-layout-flex wp-container-core-columns-is-layout-9d6595d7 wp-block-columns-is-layout-flex\">\n<div class=\"wp-block-column is-layout-flow wp-block-column-is-layout-flow\"><section id=\"block_625bfc06f679c1fad65d37bcae83316f\" class=\"lgfb-rich-text wp-block-rich-text\">\n        <div class=\"container\">\n            <div class=\"lgfb-rich-text__inner\">\n                                  <p><strong><span style=\"color: #a42b5f;\">Ouest canadien et l&#8217;atlantique<\/span><\/strong><\/p>\n<p><span style=\"font-weight: 400;\">Michelle Pilon\u00a0<\/span><\/p>\n<p><span style=\"font-weight: 400;\">403 554-1118<\/span><\/p>\n<p><a href=\"mailto:mpilon@lgfb.ca\"><b>\u00a0mpilon@lgfb.ca<\/b><\/a><\/p>\n\n                            <\/div>\n                    <\/div>\n    <\/section>\n<\/div>\n\n\n\n<div class=\"wp-block-column is-layout-flow wp-block-column-is-layout-flow\"><section id=\"block_4d1a23e0b4afd21dd56dac217b58577a\" class=\"lgfb-rich-text wp-block-rich-text\">\n        <div class=\"container\">\n            <div class=\"lgfb-rich-text__inner\">\n                                  <p><span style=\"color: #a42b5f;\"><strong>Qu\u00e9bec<\/strong><\/span><\/p>\n<p><span style=\"font-weight: 400;\">Myriam El-Anbri<\/span><\/p>\n<p><span style=\"font-weight: 400;\">514 549-5132<\/span><\/p>\n<p><a href=\"mailto:melanbri@lgfb.ca\"><b>\u00a0melanbri@lgfb.ca<\/b><\/a><\/p>\n\n                            <\/div>\n                    <\/div>\n    <\/section>\n<\/div>\n\n\n\n<div class=\"wp-block-column is-layout-flow wp-block-column-is-layout-flow\"><section id=\"block_394a13a1b22e1feae7805777d2edb846\" class=\"lgfb-rich-text wp-block-rich-text\">\n        <div class=\"container\">\n            <div class=\"lgfb-rich-text__inner\">\n                                  <p><span style=\"color: #a42b5f;\"><strong>Ontario<\/strong><\/span><\/p>\n<p><span style=\"font-weight: 400;\">Mary Osborne<\/span><\/p>\n<p><span style=\"font-weight: 400;\">647 936-0961<\/span><\/p>\n<p><a href=\"mailto:mosborne@lgfb.ca\"><b>\u00a0mosborne@lgfb.ca<\/b><\/a><\/p>\n\n                            <\/div>\n                    <\/div>\n    <\/section>\n<\/div>\n<\/div>\n\n\n<section id=\"block_7af8cf3ebfc44a573467ab937997508e\" class=\"inline-form wp-block-inline-form \n       \n      inline-form__bg-hibiscus \">\n        <div class=\"container\">\n            <div class=\"inline-form__inner\">\n              <div class=\"inline-form__intro\">\n                <h2 class=\"inline-form__intro__title\">Naviguons ensemble<\/h2>\n                <p class=\"inline-form__intro__text\">Rejoignez une communaut\u00e9 qui vous comprend. Recevez des conseils d\u2019expertes et d&#039;experts, d\u00e9couvrez des ressources utiles et des astuces bienveillantes tout au long de votre parcours face au cancer dans l\u2019infolettre BBDSP.<\/p>\n              <\/div>\n              <div class=\"inline-form__form\">\n                                                    <script>\nvar gform;gform||(document.addEventListener(\"gform_main_scripts_loaded\",function(){gform.scriptsLoaded=!0}),document.addEventListener(\"gform\/theme\/scripts_loaded\",function(){gform.themeScriptsLoaded=!0}),window.addEventListener(\"DOMContentLoaded\",function(){gform.domLoaded=!0}),gform={domLoaded:!1,scriptsLoaded:!1,themeScriptsLoaded:!1,isFormEditor:()=>\"function\"==typeof InitializeEditor,callIfLoaded:function(o){return!(!gform.domLoaded||!gform.scriptsLoaded||!gform.themeScriptsLoaded&&!gform.isFormEditor()||(gform.isFormEditor()&&console.warn(\"The use of gform.initializeOnLoaded() is deprecated in the form editor context and will be removed in Gravity Forms 3.1.\"),o(),0))},initializeOnLoaded:function(o){gform.callIfLoaded(o)||(document.addEventListener(\"gform_main_scripts_loaded\",()=>{gform.scriptsLoaded=!0,gform.callIfLoaded(o)}),document.addEventListener(\"gform\/theme\/scripts_loaded\",()=>{gform.themeScriptsLoaded=!0,gform.callIfLoaded(o)}),window.addEventListener(\"DOMContentLoaded\",()=>{gform.domLoaded=!0,gform.callIfLoaded(o)}))},hooks:{action:{},filter:{}},addAction:function(o,r,e,t){gform.addHook(\"action\",o,r,e,t)},addFilter:function(o,r,e,t){gform.addHook(\"filter\",o,r,e,t)},doAction:function(o){gform.doHook(\"action\",o,arguments)},applyFilters:function(o){return gform.doHook(\"filter\",o,arguments)},removeAction:function(o,r){gform.removeHook(\"action\",o,r)},removeFilter:function(o,r,e){gform.removeHook(\"filter\",o,r,e)},addHook:function(o,r,e,t,n){null==gform.hooks[o][r]&&(gform.hooks[o][r]=[]);var d=gform.hooks[o][r];null==n&&(n=r+\"_\"+d.length),gform.hooks[o][r].push({tag:n,callable:e,priority:t=null==t?10:t})},doHook:function(r,o,e){var t;if(e=Array.prototype.slice.call(e,1),null!=gform.hooks[r][o]&&((o=gform.hooks[r][o]).sort(function(o,r){return o.priority-r.priority}),o.forEach(function(o){\"function\"!=typeof(t=o.callable)&&(t=window[t]),\"action\"==r?t.apply(null,e):e[0]=t.apply(null,e)})),\"filter\"==r)return e[0]},removeHook:function(o,r,t,n){var e;null!=gform.hooks[o][r]&&(e=(e=gform.hooks[o][r]).filter(function(o,r,e){return!!(null!=n&&n!=o.tag||null!=t&&t!=o.priority)}),gform.hooks[o][r]=e)}});\n<\/script>\n\n                <div class='gf_browser_gecko gform_wrapper gravity-theme gform-theme--no-framework' data-form-theme='gravity-theme' data-form-index='0' id='gform_wrapper_1' >\n                        <div class='gform_heading'>\n                            <h2 class=\"gform_title\">Formulaire de bulletin d&#8217;information<\/h2>\n                        <\/div><form method='post' enctype='multipart\/form-data'  id='gform_1'  action='\/fr\/wp-json\/wp\/v2\/pages\/4928' data-formid='1' novalidate>\n                        <div class='gform-body gform_body'><div id='gform_fields_1' class='gform_fields top_label form_sublabel_below description_below validation_below'><div id=\"field_1_5\" class=\"gfield gfield--type-hidden gfield--input-type-hidden gfield--width-full gform_hidden field_sublabel_below gfield--no-description field_description_below field_validation_below gfield_visibility_visible\"  ><div class='ginput_container ginput_container_text'><input name='input_5' id='input_1_5' type='hidden' class='gform_hidden'  aria-invalid=\"false\" value='fr' \/><\/div><\/div><div id=\"field_1_6\" class=\"gfield gfield--type-captcha gfield--input-type-captcha gfield--width-full field_sublabel_below gfield--no-description field_description_below field_validation_below gfield_visibility_visible\"  ><label class='gfield_label gform-field-label' for='input_1_6'>CAPTCHA<\/label><div id='input_1_6' class='ginput_container ginput_recaptcha' data-sitekey='6LffSdgrAAAAAPCLr0pBKni_PdxFhcowrGqgpd27'  data-theme='light' data-tabindex='0'  data-badge=''><\/div><\/div><div id=\"field_1_1\" class=\"gfield gfield--type-text gfield--input-type-text gfield--width-quarter field_sublabel_below gfield--no-description field_description_below field_validation_below gfield_visibility_visible\"  ><label class='gfield_label gform-field-label' for='input_1_1'>Pr\u00e9nom<\/label><div class='ginput_container ginput_container_text'><input name='input_1' id='input_1_1' type='text' value='' class='large'      aria-invalid=\"false\"   \/><\/div><\/div><div id=\"field_1_4\" class=\"gfield gfield--type-text gfield--input-type-text gfield--width-quarter field_sublabel_below gfield--no-description field_description_below field_validation_below gfield_visibility_visible\"  ><label class='gfield_label gform-field-label' for='input_1_4'>Nom de famille<\/label><div class='ginput_container ginput_container_text'><input name='input_4' id='input_1_4' type='text' value='' class='large'      aria-invalid=\"false\"   \/><\/div><\/div><div id=\"field_1_3\" class=\"gfield gfield--type-email gfield--input-type-email gfield--width-quarter field_sublabel_below gfield--no-description field_description_below field_validation_below gfield_visibility_visible\"  ><label class='gfield_label gform-field-label' for='input_1_3'>Adresse \u00e9lectronique<\/label><div class='ginput_container ginput_container_email'>\n                            <input name='input_3' id='input_1_3' type='email' value='' class='large'     aria-invalid=\"false\"  \/>\n                        <\/div><\/div><div id=\"field_submit\" class=\"gfield gfield--type-submit gfield--width-quarter field_sublabel_below gfield--no-description field_description_below field_validation_below gfield_visibility_visible\"  data-field-class=\"gform_editor_submit_container\" data-field-position=\"inline\" ><input type='submit' id='gform_submit_button_1' class='gform-button gform-button--white  button' onclick='gform.submission.handleButtonClick(this);' data-submission-type='submit' value='S&#039;inscrire'  \/><\/div><\/div><\/div>\n        <div class='gform-footer gform_footer top_label'>  \n            <input type='hidden' class='gform_hidden' name='gform_submission_method' data-js='gform_submission_method_1' value='postback' \/>\n            <input type='hidden' class='gform_hidden' name='gform_theme' data-js='gform_theme_1' id='gform_theme_1' value='gravity-theme' \/>\n            <input type='hidden' class='gform_hidden' name='gform_style_settings' data-js='gform_style_settings_1' id='gform_style_settings_1' value='[]' \/>\n            <input type='hidden' class='gform_hidden' name='is_submit_1' value='1' \/>\n            <input type='hidden' class='gform_hidden' name='gform_submit' value='1' \/>\n            \n            <input type='hidden' class='gform_hidden' name='gform_currency' data-currency='CAD' value='Ae59yZlsbu3EeadG+3ll66ylErYW2vzL19sHmPXm9NjuhlFxn4h0eMl32gKhA0vVtmKq9TrfMY0FTcrn8jxxCgFTx3sykE3iQuE6FfW2ddKyzoA=' \/>\n            <input type='hidden' class='gform_hidden' name='gform_unique_id' value='' \/>\n            <input type='hidden' class='gform_hidden' name='state_1' value='WyJbXSIsIjUxZGI1YmYyZWRiMjAyYjA2NTkzZDYzMDBlYmI1MTBlIl0=' \/>\n            <input type='hidden' autocomplete='off' class='gform_hidden' name='gform_target_page_number_1' id='gform_target_page_number_1' value='0' \/>\n            <input type='hidden' autocomplete='off' class='gform_hidden' name='gform_source_page_number_1' id='gform_source_page_number_1' value='1' \/>\n            <input type='hidden' name='gform_field_values' value='' \/>\n            \n        <\/div>\n                        <\/form>\n                        <\/div><script>\ngform.initializeOnLoaded( function() {gformInitSpinner( 1, 'https:\/\/lgfb.ca\/wp-content\/plugins\/gravityforms\/images\/spinner.svg', true );jQuery('#gform_ajax_frame_1').on('load',function(){var contents = jQuery(this).contents().find('*').html();var is_postback = contents.indexOf('GF_AJAX_POSTBACK') >= 0;if(!is_postback){return;}var form_content = jQuery(this).contents().find('#gform_wrapper_1');var is_confirmation = jQuery(this).contents().find('#gform_confirmation_wrapper_1').length > 0;var is_redirect = contents.indexOf('gformRedirect(){') >= 0;var is_form = form_content.length > 0 && ! is_redirect && ! is_confirmation;var mt = parseInt(jQuery('html').css('margin-top'), 10) + parseInt(jQuery('body').css('margin-top'), 10) + 100;if(is_form){jQuery('#gform_wrapper_1').html(form_content.html());if(form_content.hasClass('gform_validation_error')){jQuery('#gform_wrapper_1').addClass('gform_validation_error');} else {jQuery('#gform_wrapper_1').removeClass('gform_validation_error');}setTimeout( function() { \/* delay the scroll by 50 milliseconds to fix a bug in chrome *\/  }, 50 );if(window['gformInitDatepicker']) {gformInitDatepicker();}if(window['gformInitPriceFields']) {gformInitPriceFields();}var current_page = jQuery('#gform_source_page_number_1').val();gformInitSpinner( 1, 'https:\/\/lgfb.ca\/wp-content\/plugins\/gravityforms\/images\/spinner.svg', true );jQuery(document).trigger('gform_page_loaded', [1, current_page]);window['gf_submitting_1'] = false;}else if(!is_redirect){var confirmation_content = jQuery(this).contents().find('.GF_AJAX_POSTBACK').html();if(!confirmation_content){confirmation_content = contents;}jQuery('#gform_wrapper_1').replaceWith(confirmation_content);jQuery(document).trigger('gform_confirmation_loaded', [1]);window['gf_submitting_1'] = false;wp.a11y.speak(jQuery('#gform_confirmation_message_1').text());}else{jQuery('#gform_1').append(contents);if(window['gformRedirect']) {gformRedirect();}}jQuery(document).trigger(\"gform_pre_post_render\", [{ formId: \"1\", currentPage: \"current_page\", abort: function() { this.preventDefault(); } }]);        if (event && event.defaultPrevented) {                return;        }        const gformWrapperDiv = document.getElementById( \"gform_wrapper_1\" );        if ( gformWrapperDiv ) {            const visibilitySpan = document.createElement( \"span\" );            visibilitySpan.id = \"gform_visibility_test_1\";            gformWrapperDiv.insertAdjacentElement( \"afterend\", visibilitySpan );        }        const visibilityTestDiv = document.getElementById( \"gform_visibility_test_1\" );        let postRenderFired = false;        function triggerPostRender() {            if ( postRenderFired ) {                return;            }            postRenderFired = true;            gform.core.triggerPostRenderEvents( 1, current_page );            if ( visibilityTestDiv ) {                visibilityTestDiv.parentNode.removeChild( visibilityTestDiv );            }        }        function debounce( func, wait, immediate ) {            var timeout;            return function() {                var context = this, args = arguments;                var later = function() {                    timeout = null;                    if ( !immediate ) func.apply( context, args );                };                var callNow = immediate && !timeout;                clearTimeout( timeout );                timeout = setTimeout( later, wait );                if ( callNow ) func.apply( context, args );            };        }        const debouncedTriggerPostRender = debounce( function() {            triggerPostRender();        }, 200 );        if ( visibilityTestDiv && visibilityTestDiv.offsetParent === null ) {            const observer = new MutationObserver( ( mutations ) => {                mutations.forEach( ( mutation ) => {                    if ( mutation.type === 'attributes' && visibilityTestDiv.offsetParent !== null ) {                        debouncedTriggerPostRender();                        observer.disconnect();                    }                });            });            observer.observe( document.body, {                attributes: true,                childList: false,                subtree: true,                attributeFilter: [ 'style', 'class' ],            });        } else {            triggerPostRender();        }    } );} );\n<\/script>\n\n                              <\/div>\n                          <\/div>\n        <\/div>\n    <\/section>\n","protected":false},"excerpt":{"rendered":"","protected":false},"author":8,"featured_media":0,"parent":2203,"menu_order":0,"comment_status":"closed","ping_status":"closed","template":"","meta":{"_acf_changed":false,"footnotes":""},"topic":[63],"treatment-stage":[],"audience-type":[],"gender":[],"class_list":["post-4928","page","type-page","status-publish","hentry","topic-a-propos-de-nous"],"acf":[],"yoast_head":"<!-- This site is optimized with the Yoast SEO plugin v27.2 - https:\/\/yoast.com\/product\/yoast-seo-wordpress\/ -->\n<title>Contact Us - LGFB<\/title>\n<meta name=\"description\" content=\"Contactez les bureaux de Belle et Bien dans sa Peau, les sp\u00e9cialistes des ateliers, le d\u00e9partement D\u00e9veloppement et l&#039;\u00e9quipe Marketing\" \/>\n<meta name=\"robots\" content=\"index, follow, max-snippet:-1, max-image-preview:large, max-video-preview:-1\" \/>\n<link rel=\"canonical\" href=\"https:\/\/lgfb.ca\/fr\/about-us\/contact-us\/\" \/>\n<meta property=\"og:locale\" content=\"fr_FR\" \/>\n<meta property=\"og:type\" content=\"article\" \/>\n<meta property=\"og:title\" content=\"Contact Us - LGFB\" \/>\n<meta property=\"og:description\" content=\"Contactez les bureaux de Belle et Bien dans sa Peau, les sp\u00e9cialistes des ateliers, le d\u00e9partement D\u00e9veloppement et l&#039;\u00e9quipe Marketing\" \/>\n<meta property=\"og:url\" content=\"https:\/\/lgfb.ca\/fr\/about-us\/contact-us\/\" \/>\n<meta property=\"og:site_name\" content=\"LGFB\" \/>\n<meta property=\"article:modified_time\" content=\"2025-09-24T20:58:47+00:00\" \/>\n<meta name=\"twitter:card\" content=\"summary_large_image\" \/>\n<script type=\"application\/ld+json\" class=\"yoast-schema-graph\">{\"@context\":\"https:\/\/schema.org\",\"@graph\":[{\"@type\":\"WebPage\",\"@id\":\"https:\/\/lgfb.ca\/fr\/about-us\/contact-us\/\",\"url\":\"https:\/\/lgfb.ca\/fr\/about-us\/contact-us\/\",\"name\":\"Contact Us - LGFB\",\"isPartOf\":{\"@id\":\"https:\/\/lgfb.ca\/fr\/#website\"},\"datePublished\":\"2025-09-14T22:40:36+00:00\",\"dateModified\":\"2025-09-24T20:58:47+00:00\",\"description\":\"Contactez les bureaux de Belle et Bien dans sa Peau, les sp\u00e9cialistes des ateliers, le d\u00e9partement D\u00e9veloppement et l'\u00e9quipe Marketing\",\"breadcrumb\":{\"@id\":\"https:\/\/lgfb.ca\/fr\/about-us\/contact-us\/#breadcrumb\"},\"inLanguage\":\"fr-FR\",\"potentialAction\":[{\"@type\":\"ReadAction\",\"target\":[\"https:\/\/lgfb.ca\/fr\/about-us\/contact-us\/\"]}]},{\"@type\":\"BreadcrumbList\",\"@id\":\"https:\/\/lgfb.ca\/fr\/about-us\/contact-us\/#breadcrumb\",\"itemListElement\":[{\"@type\":\"ListItem\",\"position\":1,\"name\":\"Home\",\"item\":\"https:\/\/lgfb.ca\/fr\/\"},{\"@type\":\"ListItem\",\"position\":2,\"name\":\"\u00c0 propos de nous\",\"item\":\"https:\/\/lgfb.ca\/fr\/about-us\/\"},{\"@type\":\"ListItem\",\"position\":3,\"name\":\"Contact Us\"}]},{\"@type\":\"WebSite\",\"@id\":\"https:\/\/lgfb.ca\/fr\/#website\",\"url\":\"https:\/\/lgfb.ca\/fr\/\",\"name\":\"LGFB\",\"description\":\"\",\"potentialAction\":[{\"@type\":\"SearchAction\",\"target\":{\"@type\":\"EntryPoint\",\"urlTemplate\":\"https:\/\/lgfb.ca\/fr\/?s={search_term_string}\"},\"query-input\":{\"@type\":\"PropertyValueSpecification\",\"valueRequired\":true,\"valueName\":\"search_term_string\"}}],\"inLanguage\":\"fr-FR\"}]}<\/script>\n<!-- \/ Yoast SEO plugin. -->","yoast_head_json":{"title":"Contact Us - LGFB","description":"Contactez les bureaux de Belle et Bien dans sa Peau, les sp\u00e9cialistes des ateliers, le d\u00e9partement D\u00e9veloppement et l'\u00e9quipe Marketing","robots":{"index":"index","follow":"follow","max-snippet":"max-snippet:-1","max-image-preview":"max-image-preview:large","max-video-preview":"max-video-preview:-1"},"canonical":"https:\/\/lgfb.ca\/fr\/about-us\/contact-us\/","og_locale":"fr_FR","og_type":"article","og_title":"Contact Us - LGFB","og_description":"Contactez les bureaux de Belle et Bien dans sa Peau, les sp\u00e9cialistes des ateliers, le d\u00e9partement D\u00e9veloppement et l'\u00e9quipe Marketing","og_url":"https:\/\/lgfb.ca\/fr\/about-us\/contact-us\/","og_site_name":"LGFB","article_modified_time":"2025-09-24T20:58:47+00:00","twitter_card":"summary_large_image","schema":{"@context":"https:\/\/schema.org","@graph":[{"@type":"WebPage","@id":"https:\/\/lgfb.ca\/fr\/about-us\/contact-us\/","url":"https:\/\/lgfb.ca\/fr\/about-us\/contact-us\/","name":"Contact Us - LGFB","isPartOf":{"@id":"https:\/\/lgfb.ca\/fr\/#website"},"datePublished":"2025-09-14T22:40:36+00:00","dateModified":"2025-09-24T20:58:47+00:00","description":"Contactez les bureaux de Belle et Bien dans sa Peau, les sp\u00e9cialistes des ateliers, le d\u00e9partement D\u00e9veloppement et l'\u00e9quipe Marketing","breadcrumb":{"@id":"https:\/\/lgfb.ca\/fr\/about-us\/contact-us\/#breadcrumb"},"inLanguage":"fr-FR","potentialAction":[{"@type":"ReadAction","target":["https:\/\/lgfb.ca\/fr\/about-us\/contact-us\/"]}]},{"@type":"BreadcrumbList","@id":"https:\/\/lgfb.ca\/fr\/about-us\/contact-us\/#breadcrumb","itemListElement":[{"@type":"ListItem","position":1,"name":"Home","item":"https:\/\/lgfb.ca\/fr\/"},{"@type":"ListItem","position":2,"name":"\u00c0 propos de nous","item":"https:\/\/lgfb.ca\/fr\/about-us\/"},{"@type":"ListItem","position":3,"name":"Contact Us"}]},{"@type":"WebSite","@id":"https:\/\/lgfb.ca\/fr\/#website","url":"https:\/\/lgfb.ca\/fr\/","name":"LGFB","description":"","potentialAction":[{"@type":"SearchAction","target":{"@type":"EntryPoint","urlTemplate":"https:\/\/lgfb.ca\/fr\/?s={search_term_string}"},"query-input":{"@type":"PropertyValueSpecification","valueRequired":true,"valueName":"search_term_string"}}],"inLanguage":"fr-FR"}]}},"_links":{"self":[{"href":"https:\/\/lgfb.ca\/fr\/wp-json\/wp\/v2\/pages\/4928","targetHints":{"allow":["GET"]}}],"collection":[{"href":"https:\/\/lgfb.ca\/fr\/wp-json\/wp\/v2\/pages"}],"about":[{"href":"https:\/\/lgfb.ca\/fr\/wp-json\/wp\/v2\/types\/page"}],"author":[{"embeddable":true,"href":"https:\/\/lgfb.ca\/fr\/wp-json\/wp\/v2\/users\/8"}],"replies":[{"embeddable":true,"href":"https:\/\/lgfb.ca\/fr\/wp-json\/wp\/v2\/comments?post=4928"}],"version-history":[{"count":15,"href":"https:\/\/lgfb.ca\/fr\/wp-json\/wp\/v2\/pages\/4928\/revisions"}],"predecessor-version":[{"id":7581,"href":"https:\/\/lgfb.ca\/fr\/wp-json\/wp\/v2\/pages\/4928\/revisions\/7581"}],"up":[{"embeddable":true,"href":"https:\/\/lgfb.ca\/fr\/wp-json\/wp\/v2\/pages\/2203"}],"wp:attachment":[{"href":"https:\/\/lgfb.ca\/fr\/wp-json\/wp\/v2\/media?parent=4928"}],"wp:term":[{"taxonomy":"topic","embeddable":true,"href":"https:\/\/lgfb.ca\/fr\/wp-json\/wp\/v2\/topic?post=4928"},{"taxonomy":"treatment-stage","embeddable":true,"href":"https:\/\/lgfb.ca\/fr\/wp-json\/wp\/v2\/treatment-stage?post=4928"},{"taxonomy":"audience-type","embeddable":true,"href":"https:\/\/lgfb.ca\/fr\/wp-json\/wp\/v2\/audience-type?post=4928"},{"taxonomy":"gender","embeddable":true,"href":"https:\/\/lgfb.ca\/fr\/wp-json\/wp\/v2\/gender?post=4928"}],"curies":[{"name":"wp","href":"https:\/\/api.w.org\/{rel}","templated":true}]}}