{"id":3952,"date":"2025-07-29T16:37:51","date_gmt":"2025-07-29T20:37:51","guid":{"rendered":"https:\/\/lgfb.ca\/hair-wigs-scarves\/"},"modified":"2025-11-19T11:25:26","modified_gmt":"2025-11-19T16:25:26","slug":"hair-wigs-scarves","status":"publish","type":"page","link":"https:\/\/lgfb.ca\/fr\/resources-overview\/hair-wigs-scarves\/","title":{"rendered":"Page d&#8217;accueil Cheveux, proth\u00e8ses capillaires et foulards"},"content":{"rendered":"<section id=\"block_bda25c670c4765d9cec68b3e53498287\" class=\"lgfb-rich-text wp-block-rich-text\">\n        <div class=\"container\">\n            <div class=\"lgfb-rich-text__inner\">\n                                  <blockquote>\n<h4><span style=\"font-weight: 400; color: #a42b5f;\">\u00ab\u00a0<\/span><span style=\"color: #a42b5f;\">Je ne voulais pas investir dans une proth\u00e8se capillaire, mais apr\u00e8s avoir consult\u00e9 ces ressources et particip\u00e9 \u00e0 l&#8217;atelier BBDSP, les proth\u00e8ses capillaires et foulards, j&#8217;ai chang\u00e9 d&#8217;avis. Ce sera un bon moyen d&#8217;am\u00e9liorer mon image de moi-m\u00eame, mon style et mon bien-\u00eatre. Je suis actuellement en train d&#8217;en acheter une. Merci! <\/span><span style=\"font-weight: 400; color: #a42b5f;\">\u00bb<\/span><\/h4>\n<p>Linda G., Participante \u00e0 l&#8217;atelier<\/p><\/blockquote>\n\n                            <\/div>\n                    <\/div>\n    <\/section>\n\n\n<section id=\"block_b0bf6f17f47a81eeb8eb6d343817294a\"\n        class=\"cta-strip cta-strip--small wp-block-c-t-a-strip\n    cta-strip--theme-one\n    \n    \n    \n    \n    \n\n    \">\n        <div class=\"container\">\n                            \n                        <div class=\"cta-strip__inner\">\n                                    <h2 class=\"cta-strip__title\">Vous pr\u00e9f\u00e9rez une information directe d&#039;un professionnel?<\/h2>\n                                                    <p class=\"cta-strip__text medium\">Essayez l&#039;un de nos ateliers d\u00e8s aujourd&#039;hui!<\/p>\n                                <div class=\"cta-strip__ctas\">\n                                            <a href=\"\"\n            class=\"btn-lgfb btn-lgfb--medium btn-lgfb- cta-strip__ctas__cta cta-strip__ctas__cta--one\">\n        Cliquez ici pour en savoir plus\n            <\/a>\n                                                                                                    <\/div>\n\n                \n                \n\n                \n                \n            <\/div>\n        <\/div>\n    <\/section>\n\n\n<section id=\"block_a41edba5685f9ec6f2f88291b9bc405a\" class=\"inline-form wp-block-inline-form \n       \n      inline-form__bg-hibiscus \">\n        <div class=\"container\">\n            <div class=\"inline-form__inner\">\n              <div class=\"inline-form__intro\">\n                <h2 class=\"inline-form__intro__title\">Naviguons ensemble<\/h2>\n                <p class=\"inline-form__intro__text\">Rejoignez une communaut\u00e9 qui vous comprend. Recevez des conseils d\u2019expertes et d&#039;experts, d\u00e9couvrez des ressources utiles et des astuces bienveillantes tout au long de votre parcours face au cancer dans l\u2019infolettre BBDSP.<\/p>\n              <\/div>\n              <div class=\"inline-form__form\">\n                                                    <script>\nvar gform;gform||(document.addEventListener(\"gform_main_scripts_loaded\",function(){gform.scriptsLoaded=!0}),document.addEventListener(\"gform\/theme\/scripts_loaded\",function(){gform.themeScriptsLoaded=!0}),window.addEventListener(\"DOMContentLoaded\",function(){gform.domLoaded=!0}),gform={domLoaded:!1,scriptsLoaded:!1,themeScriptsLoaded:!1,isFormEditor:()=>\"function\"==typeof InitializeEditor,callIfLoaded:function(o){return!(!gform.domLoaded||!gform.scriptsLoaded||!gform.themeScriptsLoaded&&!gform.isFormEditor()||(gform.isFormEditor()&&console.warn(\"The use of gform.initializeOnLoaded() is deprecated in the form editor context and will be removed in Gravity Forms 3.1.\"),o(),0))},initializeOnLoaded:function(o){gform.callIfLoaded(o)||(document.addEventListener(\"gform_main_scripts_loaded\",()=>{gform.scriptsLoaded=!0,gform.callIfLoaded(o)}),document.addEventListener(\"gform\/theme\/scripts_loaded\",()=>{gform.themeScriptsLoaded=!0,gform.callIfLoaded(o)}),window.addEventListener(\"DOMContentLoaded\",()=>{gform.domLoaded=!0,gform.callIfLoaded(o)}))},hooks:{action:{},filter:{}},addAction:function(o,r,e,t){gform.addHook(\"action\",o,r,e,t)},addFilter:function(o,r,e,t){gform.addHook(\"filter\",o,r,e,t)},doAction:function(o){gform.doHook(\"action\",o,arguments)},applyFilters:function(o){return gform.doHook(\"filter\",o,arguments)},removeAction:function(o,r){gform.removeHook(\"action\",o,r)},removeFilter:function(o,r,e){gform.removeHook(\"filter\",o,r,e)},addHook:function(o,r,e,t,n){null==gform.hooks[o][r]&&(gform.hooks[o][r]=[]);var d=gform.hooks[o][r];null==n&&(n=r+\"_\"+d.length),gform.hooks[o][r].push({tag:n,callable:e,priority:t=null==t?10:t})},doHook:function(r,o,e){var t;if(e=Array.prototype.slice.call(e,1),null!=gform.hooks[r][o]&&((o=gform.hooks[r][o]).sort(function(o,r){return o.priority-r.priority}),o.forEach(function(o){\"function\"!=typeof(t=o.callable)&&(t=window[t]),\"action\"==r?t.apply(null,e):e[0]=t.apply(null,e)})),\"filter\"==r)return e[0]},removeHook:function(o,r,t,n){var e;null!=gform.hooks[o][r]&&(e=(e=gform.hooks[o][r]).filter(function(o,r,e){return!!(null!=n&&n!=o.tag||null!=t&&t!=o.priority)}),gform.hooks[o][r]=e)}});\n<\/script>\n\n                <div class='gf_browser_gecko gform_wrapper gravity-theme gform-theme--no-framework' data-form-theme='gravity-theme' data-form-index='0' id='gform_wrapper_1' >\n                        <div class='gform_heading'>\n                            <h2 class=\"gform_title\">Formulaire de bulletin d&#8217;information<\/h2>\n                        <\/div><form method='post' enctype='multipart\/form-data'  id='gform_1'  action='\/fr\/wp-json\/wp\/v2\/pages\/3952' data-formid='1' novalidate>\n                        <div class='gform-body gform_body'><div id='gform_fields_1' class='gform_fields top_label form_sublabel_below description_below validation_below'><div id=\"field_1_5\" class=\"gfield gfield--type-hidden gfield--input-type-hidden gfield--width-full gform_hidden field_sublabel_below gfield--no-description field_description_below field_validation_below gfield_visibility_visible\"  ><div class='ginput_container ginput_container_text'><input name='input_5' id='input_1_5' type='hidden' class='gform_hidden'  aria-invalid=\"false\" value='fr' \/><\/div><\/div><div id=\"field_1_6\" class=\"gfield gfield--type-captcha gfield--input-type-captcha gfield--width-full field_sublabel_below gfield--no-description field_description_below field_validation_below gfield_visibility_visible\"  ><label class='gfield_label gform-field-label' for='input_1_6'>CAPTCHA<\/label><div id='input_1_6' class='ginput_container ginput_recaptcha' data-sitekey='6LffSdgrAAAAAPCLr0pBKni_PdxFhcowrGqgpd27'  data-theme='light' data-tabindex='0'  data-badge=''><\/div><\/div><div id=\"field_1_1\" class=\"gfield gfield--type-text gfield--input-type-text gfield--width-quarter field_sublabel_below gfield--no-description field_description_below field_validation_below gfield_visibility_visible\"  ><label class='gfield_label gform-field-label' for='input_1_1'>Pr\u00e9nom<\/label><div class='ginput_container ginput_container_text'><input name='input_1' id='input_1_1' type='text' value='' class='large'      aria-invalid=\"false\"   \/><\/div><\/div><div id=\"field_1_4\" class=\"gfield gfield--type-text gfield--input-type-text gfield--width-quarter field_sublabel_below gfield--no-description field_description_below field_validation_below gfield_visibility_visible\"  ><label class='gfield_label gform-field-label' for='input_1_4'>Nom de famille<\/label><div class='ginput_container ginput_container_text'><input name='input_4' id='input_1_4' type='text' value='' class='large'      aria-invalid=\"false\"   \/><\/div><\/div><div id=\"field_1_3\" class=\"gfield gfield--type-email gfield--input-type-email gfield--width-quarter field_sublabel_below gfield--no-description field_description_below field_validation_below gfield_visibility_visible\"  ><label class='gfield_label gform-field-label' for='input_1_3'>Adresse \u00e9lectronique<\/label><div class='ginput_container ginput_container_email'>\n                            <input name='input_3' id='input_1_3' type='email' value='' class='large'     aria-invalid=\"false\"  \/>\n                        <\/div><\/div><div id=\"field_submit\" class=\"gfield gfield--type-submit gfield--width-quarter field_sublabel_below gfield--no-description field_description_below field_validation_below gfield_visibility_visible\"  data-field-class=\"gform_editor_submit_container\" data-field-position=\"inline\" ><input type='submit' id='gform_submit_button_1' class='gform-button gform-button--white  button' onclick='gform.submission.handleButtonClick(this);' data-submission-type='submit' value='S&#039;inscrire'  \/><\/div><\/div><\/div>\n        <div class='gform-footer gform_footer top_label'>  \n            <input type='hidden' class='gform_hidden' name='gform_submission_method' data-js='gform_submission_method_1' value='postback' \/>\n            <input type='hidden' class='gform_hidden' name='gform_theme' data-js='gform_theme_1' id='gform_theme_1' value='gravity-theme' \/>\n            <input type='hidden' class='gform_hidden' name='gform_style_settings' data-js='gform_style_settings_1' id='gform_style_settings_1' value='[]' \/>\n            <input type='hidden' class='gform_hidden' name='is_submit_1' value='1' \/>\n            <input type='hidden' class='gform_hidden' name='gform_submit' value='1' \/>\n            \n            <input type='hidden' class='gform_hidden' name='gform_currency' data-currency='CAD' value='l+l7pioC17gP+cRVv4AbpQcwEWZLfpl2RIn5l6FOdxzPmiT+1q1C98jAuMyCE5Q4cKIdpoVYoNq8gINy0pjHr49dGQ1zsrVFq0pqzifIOaotwR0=' \/>\n            <input type='hidden' class='gform_hidden' name='gform_unique_id' value='' \/>\n            <input type='hidden' class='gform_hidden' name='state_1' value='WyJbXSIsIjUxZGI1YmYyZWRiMjAyYjA2NTkzZDYzMDBlYmI1MTBlIl0=' \/>\n            <input type='hidden' autocomplete='off' class='gform_hidden' name='gform_target_page_number_1' id='gform_target_page_number_1' value='0' \/>\n            <input type='hidden' autocomplete='off' class='gform_hidden' name='gform_source_page_number_1' id='gform_source_page_number_1' value='1' \/>\n            <input type='hidden' name='gform_field_values' value='' \/>\n            \n        <\/div>\n                        <\/form>\n                        <\/div><script>\ngform.initializeOnLoaded( function() {gformInitSpinner( 1, 'https:\/\/lgfb.ca\/wp-content\/plugins\/gravityforms\/images\/spinner.svg', true );jQuery('#gform_ajax_frame_1').on('load',function(){var contents = jQuery(this).contents().find('*').html();var is_postback = contents.indexOf('GF_AJAX_POSTBACK') >= 0;if(!is_postback){return;}var form_content = jQuery(this).contents().find('#gform_wrapper_1');var is_confirmation = jQuery(this).contents().find('#gform_confirmation_wrapper_1').length > 0;var is_redirect = contents.indexOf('gformRedirect(){') >= 0;var is_form = form_content.length > 0 && ! is_redirect && ! is_confirmation;var mt = parseInt(jQuery('html').css('margin-top'), 10) + parseInt(jQuery('body').css('margin-top'), 10) + 100;if(is_form){jQuery('#gform_wrapper_1').html(form_content.html());if(form_content.hasClass('gform_validation_error')){jQuery('#gform_wrapper_1').addClass('gform_validation_error');} else {jQuery('#gform_wrapper_1').removeClass('gform_validation_error');}setTimeout( function() { \/* delay the scroll by 50 milliseconds to fix a bug in chrome *\/  }, 50 );if(window['gformInitDatepicker']) {gformInitDatepicker();}if(window['gformInitPriceFields']) {gformInitPriceFields();}var current_page = jQuery('#gform_source_page_number_1').val();gformInitSpinner( 1, 'https:\/\/lgfb.ca\/wp-content\/plugins\/gravityforms\/images\/spinner.svg', true );jQuery(document).trigger('gform_page_loaded', [1, current_page]);window['gf_submitting_1'] = false;}else if(!is_redirect){var confirmation_content = jQuery(this).contents().find('.GF_AJAX_POSTBACK').html();if(!confirmation_content){confirmation_content = contents;}jQuery('#gform_wrapper_1').replaceWith(confirmation_content);jQuery(document).trigger('gform_confirmation_loaded', [1]);window['gf_submitting_1'] = false;wp.a11y.speak(jQuery('#gform_confirmation_message_1').text());}else{jQuery('#gform_1').append(contents);if(window['gformRedirect']) {gformRedirect();}}jQuery(document).trigger(\"gform_pre_post_render\", [{ formId: \"1\", currentPage: \"current_page\", abort: function() { this.preventDefault(); } }]);        if (event && event.defaultPrevented) {                return;        }        const gformWrapperDiv = document.getElementById( \"gform_wrapper_1\" );        if ( gformWrapperDiv ) {            const visibilitySpan = document.createElement( \"span\" );            visibilitySpan.id = \"gform_visibility_test_1\";            gformWrapperDiv.insertAdjacentElement( \"afterend\", visibilitySpan );        }        const visibilityTestDiv = document.getElementById( \"gform_visibility_test_1\" );        let postRenderFired = false;        function triggerPostRender() {            if ( postRenderFired ) {                return;            }            postRenderFired = true;            gform.core.triggerPostRenderEvents( 1, current_page );            if ( visibilityTestDiv ) {                visibilityTestDiv.parentNode.removeChild( visibilityTestDiv );            }        }        function debounce( func, wait, immediate ) {            var timeout;            return function() {                var context = this, args = arguments;                var later = function() {                    timeout = null;                    if ( !immediate ) func.apply( context, args );                };                var callNow = immediate && !timeout;                clearTimeout( timeout );                timeout = setTimeout( later, wait );                if ( callNow ) func.apply( context, args );            };        }        const debouncedTriggerPostRender = debounce( function() {            triggerPostRender();        }, 200 );        if ( visibilityTestDiv && visibilityTestDiv.offsetParent === null ) {            const observer = new MutationObserver( ( mutations ) => {                mutations.forEach( ( mutation ) => {                    if ( mutation.type === 'attributes' && visibilityTestDiv.offsetParent !== null ) {                        debouncedTriggerPostRender();                        observer.disconnect();                    }                });            });            observer.observe( document.body, {                attributes: true,                childList: false,                subtree: true,                attributeFilter: [ 'style', 'class' ],            });        } else {            triggerPostRender();        }    } );} );\n<\/script>\n\n                              <\/div>\n                          <\/div>\n        <\/div>\n    <\/section>\n","protected":false},"excerpt":{"rendered":"","protected":false},"author":8,"featured_media":6001,"parent":6046,"menu_order":0,"comment_status":"closed","ping_status":"closed","template":"resource-landing.blade.php","meta":{"_acf_changed":false,"footnotes":""},"topic":[89,104,101,66],"treatment-stage":[77,76,75,78],"audience-type":[79],"gender":[],"class_list":["post-3952","page","type-page","status-publish","has-post-thumbnail","hentry","topic-cheveux-protheses-capillaires-et-foulards","topic-conseils-pratiques","topic-effets-secondaires-cheveux-et-cuir-chevelu","topic-protheses-capillaires-et-foulards","treatment-stage-apres-le-traitement","treatment-stage-en-cours-de-traitement","treatment-stage-pre-traitement","treatment-stage-vivre-avec-le-cancer","audience-type-patients-fr"],"acf":[],"yoast_head":"<!-- This site is optimized with the Yoast SEO plugin v27.2 - https:\/\/yoast.com\/product\/yoast-seo-wordpress\/ -->\n<title>Page d&#039;accueil Cheveux, proth\u00e8ses capillaires et foulards - LGFB<\/title>\n<meta name=\"description\" content=\"Conseils pratiques et ressources sur la perte de cheveux, les proth\u00e8ses capillaires, les soins du cuir chevelu et les couvre-chefs pendant le traitement du cancer. Trouvez les options qui vous conviennent.\" \/>\n<meta name=\"robots\" content=\"index, follow, max-snippet:-1, max-image-preview:large, max-video-preview:-1\" \/>\n<link rel=\"canonical\" href=\"https:\/\/lgfb.ca\/fr\/resources-overview\/hair-wigs-scarves\/\" \/>\n<meta property=\"og:locale\" content=\"fr_FR\" \/>\n<meta property=\"og:type\" content=\"article\" \/>\n<meta property=\"og:title\" content=\"Page d&#039;accueil Cheveux, proth\u00e8ses capillaires et foulards - LGFB\" \/>\n<meta property=\"og:description\" content=\"Conseils pratiques et ressources sur la perte de cheveux, les proth\u00e8ses capillaires, les soins du cuir chevelu et les couvre-chefs pendant le traitement du cancer. Trouvez les options qui vous conviennent.\" \/>\n<meta property=\"og:url\" content=\"https:\/\/lgfb.ca\/fr\/resources-overview\/hair-wigs-scarves\/\" \/>\n<meta property=\"og:site_name\" content=\"LGFB\" \/>\n<meta property=\"article:modified_time\" content=\"2025-11-19T16:25:26+00:00\" \/>\n<meta property=\"og:image\" content=\"https:\/\/lgfb.ca\/wp-content\/uploads\/2025\/09\/woman-tying-headscarf-with-laptop@2x-1.jpg\" \/>\n\t<meta property=\"og:image:width\" content=\"1136\" \/>\n\t<meta property=\"og:image:height\" content=\"757\" \/>\n\t<meta property=\"og:image:type\" content=\"image\/jpeg\" \/>\n<meta name=\"twitter:card\" content=\"summary_large_image\" \/>\n<meta name=\"twitter:label1\" content=\"Est. reading time\" \/>\n\t<meta name=\"twitter:data1\" content=\"1 minute\" \/>\n<script type=\"application\/ld+json\" class=\"yoast-schema-graph\">{\"@context\":\"https:\/\/schema.org\",\"@graph\":[{\"@type\":\"WebPage\",\"@id\":\"https:\/\/lgfb.ca\/fr\/resources-overview\/hair-wigs-scarves\/\",\"url\":\"https:\/\/lgfb.ca\/fr\/resources-overview\/hair-wigs-scarves\/\",\"name\":\"Page d'accueil Cheveux, proth\u00e8ses capillaires et foulards - LGFB\",\"isPartOf\":{\"@id\":\"https:\/\/lgfb.ca\/fr\/#website\"},\"primaryImageOfPage\":{\"@id\":\"https:\/\/lgfb.ca\/fr\/resources-overview\/hair-wigs-scarves\/#primaryimage\"},\"image\":{\"@id\":\"https:\/\/lgfb.ca\/fr\/resources-overview\/hair-wigs-scarves\/#primaryimage\"},\"thumbnailUrl\":\"https:\/\/lgfb.ca\/wp-content\/uploads\/2025\/09\/woman-tying-headscarf-with-laptop@2x-1.jpg\",\"datePublished\":\"2025-07-29T20:37:51+00:00\",\"dateModified\":\"2025-11-19T16:25:26+00:00\",\"description\":\"Conseils pratiques et ressources sur la perte de cheveux, les proth\u00e8ses capillaires, les soins du cuir chevelu et les couvre-chefs pendant le traitement du cancer. Trouvez les options qui vous conviennent.\",\"breadcrumb\":{\"@id\":\"https:\/\/lgfb.ca\/fr\/resources-overview\/hair-wigs-scarves\/#breadcrumb\"},\"inLanguage\":\"fr-FR\",\"potentialAction\":[{\"@type\":\"ReadAction\",\"target\":[\"https:\/\/lgfb.ca\/fr\/resources-overview\/hair-wigs-scarves\/\"]}]},{\"@type\":\"ImageObject\",\"inLanguage\":\"fr-FR\",\"@id\":\"https:\/\/lgfb.ca\/fr\/resources-overview\/hair-wigs-scarves\/#primaryimage\",\"url\":\"https:\/\/lgfb.ca\/wp-content\/uploads\/2025\/09\/woman-tying-headscarf-with-laptop@2x-1.jpg\",\"contentUrl\":\"https:\/\/lgfb.ca\/wp-content\/uploads\/2025\/09\/woman-tying-headscarf-with-laptop@2x-1.jpg\",\"width\":1136,\"height\":757,\"caption\":\"Une femme souriante portant un foulard \u00e0 fleurs est assise \u00e0 un bureau avec un ordinateur portable, un miroir, une tasse et des fleurs.\"},{\"@type\":\"BreadcrumbList\",\"@id\":\"https:\/\/lgfb.ca\/fr\/resources-overview\/hair-wigs-scarves\/#breadcrumb\",\"itemListElement\":[{\"@type\":\"ListItem\",\"position\":1,\"name\":\"Home\",\"item\":\"https:\/\/lgfb.ca\/fr\/\"},{\"@type\":\"ListItem\",\"position\":2,\"name\":\"All Resources Top Page (FR)\",\"item\":\"https:\/\/lgfb.ca\/fr\/resources-overview\/\"},{\"@type\":\"ListItem\",\"position\":3,\"name\":\"Page d&#8217;accueil Cheveux, proth\u00e8ses capillaires et foulards\"}]},{\"@type\":\"WebSite\",\"@id\":\"https:\/\/lgfb.ca\/fr\/#website\",\"url\":\"https:\/\/lgfb.ca\/fr\/\",\"name\":\"LGFB\",\"description\":\"\",\"potentialAction\":[{\"@type\":\"SearchAction\",\"target\":{\"@type\":\"EntryPoint\",\"urlTemplate\":\"https:\/\/lgfb.ca\/fr\/?s={search_term_string}\"},\"query-input\":{\"@type\":\"PropertyValueSpecification\",\"valueRequired\":true,\"valueName\":\"search_term_string\"}}],\"inLanguage\":\"fr-FR\"}]}<\/script>\n<!-- \/ Yoast SEO plugin. -->","yoast_head_json":{"title":"Page d'accueil Cheveux, proth\u00e8ses capillaires et foulards - LGFB","description":"Conseils pratiques et ressources sur la perte de cheveux, les proth\u00e8ses capillaires, les soins du cuir chevelu et les couvre-chefs pendant le traitement du cancer. Trouvez les options qui vous conviennent.","robots":{"index":"index","follow":"follow","max-snippet":"max-snippet:-1","max-image-preview":"max-image-preview:large","max-video-preview":"max-video-preview:-1"},"canonical":"https:\/\/lgfb.ca\/fr\/resources-overview\/hair-wigs-scarves\/","og_locale":"fr_FR","og_type":"article","og_title":"Page d'accueil Cheveux, proth\u00e8ses capillaires et foulards - LGFB","og_description":"Conseils pratiques et ressources sur la perte de cheveux, les proth\u00e8ses capillaires, les soins du cuir chevelu et les couvre-chefs pendant le traitement du cancer. Trouvez les options qui vous conviennent.","og_url":"https:\/\/lgfb.ca\/fr\/resources-overview\/hair-wigs-scarves\/","og_site_name":"LGFB","article_modified_time":"2025-11-19T16:25:26+00:00","og_image":[{"width":1136,"height":757,"url":"https:\/\/lgfb.ca\/wp-content\/uploads\/2025\/09\/woman-tying-headscarf-with-laptop@2x-1.jpg","type":"image\/jpeg"}],"twitter_card":"summary_large_image","twitter_misc":{"Est. reading time":"1 minute"},"schema":{"@context":"https:\/\/schema.org","@graph":[{"@type":"WebPage","@id":"https:\/\/lgfb.ca\/fr\/resources-overview\/hair-wigs-scarves\/","url":"https:\/\/lgfb.ca\/fr\/resources-overview\/hair-wigs-scarves\/","name":"Page d'accueil Cheveux, proth\u00e8ses capillaires et foulards - LGFB","isPartOf":{"@id":"https:\/\/lgfb.ca\/fr\/#website"},"primaryImageOfPage":{"@id":"https:\/\/lgfb.ca\/fr\/resources-overview\/hair-wigs-scarves\/#primaryimage"},"image":{"@id":"https:\/\/lgfb.ca\/fr\/resources-overview\/hair-wigs-scarves\/#primaryimage"},"thumbnailUrl":"https:\/\/lgfb.ca\/wp-content\/uploads\/2025\/09\/woman-tying-headscarf-with-laptop@2x-1.jpg","datePublished":"2025-07-29T20:37:51+00:00","dateModified":"2025-11-19T16:25:26+00:00","description":"Conseils pratiques et ressources sur la perte de cheveux, les proth\u00e8ses capillaires, les soins du cuir chevelu et les couvre-chefs pendant le traitement du cancer. Trouvez les options qui vous conviennent.","breadcrumb":{"@id":"https:\/\/lgfb.ca\/fr\/resources-overview\/hair-wigs-scarves\/#breadcrumb"},"inLanguage":"fr-FR","potentialAction":[{"@type":"ReadAction","target":["https:\/\/lgfb.ca\/fr\/resources-overview\/hair-wigs-scarves\/"]}]},{"@type":"ImageObject","inLanguage":"fr-FR","@id":"https:\/\/lgfb.ca\/fr\/resources-overview\/hair-wigs-scarves\/#primaryimage","url":"https:\/\/lgfb.ca\/wp-content\/uploads\/2025\/09\/woman-tying-headscarf-with-laptop@2x-1.jpg","contentUrl":"https:\/\/lgfb.ca\/wp-content\/uploads\/2025\/09\/woman-tying-headscarf-with-laptop@2x-1.jpg","width":1136,"height":757,"caption":"Une femme souriante portant un foulard \u00e0 fleurs est assise \u00e0 un bureau avec un ordinateur portable, un miroir, une tasse et des fleurs."},{"@type":"BreadcrumbList","@id":"https:\/\/lgfb.ca\/fr\/resources-overview\/hair-wigs-scarves\/#breadcrumb","itemListElement":[{"@type":"ListItem","position":1,"name":"Home","item":"https:\/\/lgfb.ca\/fr\/"},{"@type":"ListItem","position":2,"name":"All Resources Top Page (FR)","item":"https:\/\/lgfb.ca\/fr\/resources-overview\/"},{"@type":"ListItem","position":3,"name":"Page d&#8217;accueil Cheveux, proth\u00e8ses capillaires et foulards"}]},{"@type":"WebSite","@id":"https:\/\/lgfb.ca\/fr\/#website","url":"https:\/\/lgfb.ca\/fr\/","name":"LGFB","description":"","potentialAction":[{"@type":"SearchAction","target":{"@type":"EntryPoint","urlTemplate":"https:\/\/lgfb.ca\/fr\/?s={search_term_string}"},"query-input":{"@type":"PropertyValueSpecification","valueRequired":true,"valueName":"search_term_string"}}],"inLanguage":"fr-FR"}]}},"_links":{"self":[{"href":"https:\/\/lgfb.ca\/fr\/wp-json\/wp\/v2\/pages\/3952","targetHints":{"allow":["GET"]}}],"collection":[{"href":"https:\/\/lgfb.ca\/fr\/wp-json\/wp\/v2\/pages"}],"about":[{"href":"https:\/\/lgfb.ca\/fr\/wp-json\/wp\/v2\/types\/page"}],"author":[{"embeddable":true,"href":"https:\/\/lgfb.ca\/fr\/wp-json\/wp\/v2\/users\/8"}],"replies":[{"embeddable":true,"href":"https:\/\/lgfb.ca\/fr\/wp-json\/wp\/v2\/comments?post=3952"}],"version-history":[{"count":16,"href":"https:\/\/lgfb.ca\/fr\/wp-json\/wp\/v2\/pages\/3952\/revisions"}],"predecessor-version":[{"id":10890,"href":"https:\/\/lgfb.ca\/fr\/wp-json\/wp\/v2\/pages\/3952\/revisions\/10890"}],"up":[{"embeddable":true,"href":"https:\/\/lgfb.ca\/fr\/wp-json\/wp\/v2\/pages\/6046"}],"wp:featuredmedia":[{"embeddable":true,"href":"https:\/\/lgfb.ca\/fr\/wp-json\/wp\/v2\/media\/6001"}],"wp:attachment":[{"href":"https:\/\/lgfb.ca\/fr\/wp-json\/wp\/v2\/media?parent=3952"}],"wp:term":[{"taxonomy":"topic","embeddable":true,"href":"https:\/\/lgfb.ca\/fr\/wp-json\/wp\/v2\/topic?post=3952"},{"taxonomy":"treatment-stage","embeddable":true,"href":"https:\/\/lgfb.ca\/fr\/wp-json\/wp\/v2\/treatment-stage?post=3952"},{"taxonomy":"audience-type","embeddable":true,"href":"https:\/\/lgfb.ca\/fr\/wp-json\/wp\/v2\/audience-type?post=3952"},{"taxonomy":"gender","embeddable":true,"href":"https:\/\/lgfb.ca\/fr\/wp-json\/wp\/v2\/gender?post=3952"}],"curies":[{"name":"wp","href":"https:\/\/api.w.org\/{rel}","templated":true}]}}