{"id":2176,"date":"2025-07-31T20:02:15","date_gmt":"2025-08-01T00:02:15","guid":{"rendered":"https:\/\/lgfb.ca\/monthly-giving\/"},"modified":"2026-04-20T09:15:29","modified_gmt":"2026-04-20T13:15:29","slug":"monthly-giving","status":"publish","type":"page","link":"https:\/\/lgfb.ca\/fr\/monthly-giving\/","title":{"rendered":"Dons mensuels"},"content":{"rendered":"<section id=\"block_3b96bcd49d89635f140d43555411aa69\" class=\"simple-hero simple-hero--purple wp-block-simple-hero\">\n      <div class=\"simple-hero__inner\">\n        <div class=\"simple-hero__container container\">\n          <div class=\"simple-hero__content simple-hero__content--left\">\n                                      <h1 class=\"simple-hero__title\">Dons mensuels<\/h1>\n                                      <img decoding=\"async\" class=\"lazy simple-hero__image simple-hero__image--mobile show-for-mobile\" src=\"https:\/\/lgfb.ca\/wp-content\/uploads\/2025\/09\/volunteer-and-participant-looking-at-each-other@2x-1-1024x683.jpg\" alt=\"Un b\u00e9n\u00e9vole de Belle et bien dans sa peau et une participante se sourient en se tenant la main.\" loading=\"lazy\"\n         \/>\n                                      <p class=\"simple-hero__text\">En devenant donateur mensuel, vous offrez un soutien constant et transformateur aux personnes touch\u00e9es par le cancer. Votre g\u00e9n\u00e9rosit\u00e9 r\u00e9guli\u00e8re nourrit la confiance, la solidarit\u00e9 et la p\u00e9rennit\u00e9 des programmes de Belle et bien dans sa peau.<\/p>\n                      <\/div>\n          <div class=\"simple-hero__content simple-hero__content--right\">\n                          <img decoding=\"async\" class=\"lazy simple-hero__image simple-hero__image--desktop show-for-desktop\" src=\"https:\/\/lgfb.ca\/wp-content\/uploads\/2025\/09\/volunteer-and-participant-looking-at-each-other@2x-1-1024x683.jpg\" alt=\"Un b\u00e9n\u00e9vole de Belle et bien dans sa peau et une participante se sourient en se tenant la main.\" loading=\"lazy\"\n         \/>\n                      <\/div>\n        <\/div>\n              <\/div>\n    <\/section>\n\n\n<section id=\"block_60dbf276365da09115a16daa1c4a090d\" class=\"lgfb-rich-text wp-block-rich-text\">\n        <div class=\"container\">\n            <div class=\"lgfb-rich-text__inner\">\n                                  <h2><span style=\"font-weight: 400; color: #a42b5f;\">Devenir donateur ou donatrice mensuel permet aux personnes atteintes d&#8217;un cancer de savoir qu&#8217;elles ne sont pas seules<\/span><\/h2>\n<p><span style=\"font-weight: 400;\">Devenir donateur ou donatrice mensuel nous apporte un soutien fondamental qui nous aide \u00e0 cr\u00e9er un monde o\u00f9 les Canadiens et Canadiennes atteints d&#8217;un cancer peuvent se sentir confiants, ma\u00eetres de leur vie et \u00e0 nouveau eux-m\u00eames. Votre g\u00e9n\u00e9rosit\u00e9 continue nous permet de d\u00e9velopper nos programmes et de favoriser la confiance et la compassion.\u00a0<\/span><\/p>\n<p><span style=\"font-weight: 400;\">Lorsque vous donnez chaque mois, ce n&#8217;est pas seulement un don, c&#8217;est un investissement dans un changement durable et dans la garantie que les programmes de BBDSP seront toujours l\u00e0 quand on en aura le plus besoin. Vous assurez une planification \u00e0 long terme, une stabilit\u00e9 et un impact plus fort dans votre communaut\u00e9 et dans toutes les communaut\u00e9s que nous servons.\u00a0<\/span><\/p>\n\n                            <\/div>\n                    <\/div>\n    <\/section>\n\n\n\n<div class=\"wp-block-group is-layout-constrained wp-block-group-is-layout-constrained\">\n<center><div id=\"blackbaud-donation-form_7a5579ef-1f5c-402c-b994-b48ec8338243\"><\/div>\n<script src=\"https:\/\/sky.blackbaudcdn.net\/static\/donor-form-loader\/2\/main.js\"><\/script>\n<script>BBDonorFormLoader.newBlackbaudDonationFormZoned('renxt', 'p-muH0Ybzz-USWm2BlRp3rIw', '7a5579ef-1f5c-402c-b994-b48ec8338243', 'can')<\/script><\/center>\n<\/div>\n\n\n<section id=\"block_75694256e5291f70c8591eb01a2e493f\"\n        class=\"cta-strip cta-strip--medium wp-block-c-t-a-strip\n    cta-strip--theme-one\n    \n    \n    \n    \n    \n\n    \">\n        <div class=\"container\">\n                            \n                        <div class=\"cta-strip__inner\">\n                                    <h2 class=\"cta-strip__title\">Un petit don, un grand impact<\/h2>\n                                                    <p class=\"cta-strip__text medium\">Votre don mensuel, aussi modeste soit-il, aide les gens \u00e0 obtenir le soutien dont ils ont besoin.<\/p>\n                                <div class=\"cta-strip__ctas\">\n                                            <a href=\"https:\/\/lgfb.ca\/fr\/donate\/\"\n            class=\"btn-lgfb btn-lgfb--medium btn-lgfb- cta-strip__ctas__cta cta-strip__ctas__cta--one\">\n        Je ferai un don tous les mois\n                    <i class=\"fa-classic fa-solid fa-chevron-right\" aria-hidden=\"true\"><\/i>\n            <\/a>\n                                                                                                    <\/div>\n\n                \n                \n\n                \n                \n            <\/div>\n        <\/div>\n    <\/section>\n\n\n<section id=\"block_c5cc29c1912b903bd72acfa3beef0b8e\" class=\"inline-form wp-block-inline-form \n       \n      inline-form__bg-hibiscus \">\n        <div class=\"container\">\n            <div class=\"inline-form__inner\">\n              <div class=\"inline-form__intro\">\n                <h2 class=\"inline-form__intro__title\">Naviguons ensemble<\/h2>\n                <p class=\"inline-form__intro__text\">Rejoignez une communaut\u00e9 qui vous comprend. Recevez des conseils d\u2019expertes et d&#039;experts, d\u00e9couvrez des ressources utiles et des astuces bienveillantes tout au long de votre parcours face au cancer dans l\u2019infolettre BBDSP.<\/p>\n              <\/div>\n              <div class=\"inline-form__form\">\n                                                    <script>\nvar gform;gform||(document.addEventListener(\"gform_main_scripts_loaded\",function(){gform.scriptsLoaded=!0}),document.addEventListener(\"gform\/theme\/scripts_loaded\",function(){gform.themeScriptsLoaded=!0}),window.addEventListener(\"DOMContentLoaded\",function(){gform.domLoaded=!0}),gform={domLoaded:!1,scriptsLoaded:!1,themeScriptsLoaded:!1,isFormEditor:()=>\"function\"==typeof InitializeEditor,callIfLoaded:function(o){return!(!gform.domLoaded||!gform.scriptsLoaded||!gform.themeScriptsLoaded&&!gform.isFormEditor()||(gform.isFormEditor()&&console.warn(\"The use of gform.initializeOnLoaded() is deprecated in the form editor context and will be removed in Gravity Forms 3.1.\"),o(),0))},initializeOnLoaded:function(o){gform.callIfLoaded(o)||(document.addEventListener(\"gform_main_scripts_loaded\",()=>{gform.scriptsLoaded=!0,gform.callIfLoaded(o)}),document.addEventListener(\"gform\/theme\/scripts_loaded\",()=>{gform.themeScriptsLoaded=!0,gform.callIfLoaded(o)}),window.addEventListener(\"DOMContentLoaded\",()=>{gform.domLoaded=!0,gform.callIfLoaded(o)}))},hooks:{action:{},filter:{}},addAction:function(o,r,e,t){gform.addHook(\"action\",o,r,e,t)},addFilter:function(o,r,e,t){gform.addHook(\"filter\",o,r,e,t)},doAction:function(o){gform.doHook(\"action\",o,arguments)},applyFilters:function(o){return gform.doHook(\"filter\",o,arguments)},removeAction:function(o,r){gform.removeHook(\"action\",o,r)},removeFilter:function(o,r,e){gform.removeHook(\"filter\",o,r,e)},addHook:function(o,r,e,t,n){null==gform.hooks[o][r]&&(gform.hooks[o][r]=[]);var d=gform.hooks[o][r];null==n&&(n=r+\"_\"+d.length),gform.hooks[o][r].push({tag:n,callable:e,priority:t=null==t?10:t})},doHook:function(r,o,e){var t;if(e=Array.prototype.slice.call(e,1),null!=gform.hooks[r][o]&&((o=gform.hooks[r][o]).sort(function(o,r){return o.priority-r.priority}),o.forEach(function(o){\"function\"!=typeof(t=o.callable)&&(t=window[t]),\"action\"==r?t.apply(null,e):e[0]=t.apply(null,e)})),\"filter\"==r)return e[0]},removeHook:function(o,r,t,n){var e;null!=gform.hooks[o][r]&&(e=(e=gform.hooks[o][r]).filter(function(o,r,e){return!!(null!=n&&n!=o.tag||null!=t&&t!=o.priority)}),gform.hooks[o][r]=e)}});\n<\/script>\n\n                <div class='gf_browser_gecko gform_wrapper gravity-theme gform-theme--no-framework' data-form-theme='gravity-theme' data-form-index='0' id='gform_wrapper_1' >\n                        <div class='gform_heading'>\n                            <h2 class=\"gform_title\">Formulaire de bulletin d&#8217;information<\/h2>\n                        <\/div><form method='post' enctype='multipart\/form-data'  id='gform_1'  action='\/fr\/wp-json\/wp\/v2\/pages\/2176' data-formid='1' novalidate>\n                        <div class='gform-body gform_body'><div id='gform_fields_1' class='gform_fields top_label form_sublabel_below description_below validation_below'><div id=\"field_1_5\" class=\"gfield gfield--type-hidden gfield--input-type-hidden gfield--width-full gform_hidden field_sublabel_below gfield--no-description field_description_below field_validation_below gfield_visibility_visible\"  ><div class='ginput_container ginput_container_text'><input name='input_5' id='input_1_5' type='hidden' class='gform_hidden'  aria-invalid=\"false\" value='fr' \/><\/div><\/div><div id=\"field_1_6\" class=\"gfield gfield--type-captcha gfield--input-type-captcha gfield--width-full field_sublabel_below gfield--no-description field_description_below field_validation_below gfield_visibility_visible\"  ><label class='gfield_label gform-field-label' for='input_1_6'>CAPTCHA<\/label><div id='input_1_6' class='ginput_container ginput_recaptcha' data-sitekey='6LffSdgrAAAAAPCLr0pBKni_PdxFhcowrGqgpd27'  data-theme='light' data-tabindex='0'  data-badge=''><\/div><\/div><div id=\"field_1_1\" class=\"gfield gfield--type-text gfield--input-type-text gfield--width-quarter field_sublabel_below gfield--no-description field_description_below field_validation_below gfield_visibility_visible\"  ><label class='gfield_label gform-field-label' for='input_1_1'>Pr\u00e9nom<\/label><div class='ginput_container ginput_container_text'><input name='input_1' id='input_1_1' type='text' value='' class='large'      aria-invalid=\"false\"   \/><\/div><\/div><div id=\"field_1_4\" class=\"gfield gfield--type-text gfield--input-type-text gfield--width-quarter field_sublabel_below gfield--no-description field_description_below field_validation_below gfield_visibility_visible\"  ><label class='gfield_label gform-field-label' for='input_1_4'>Nom de famille<\/label><div class='ginput_container ginput_container_text'><input name='input_4' id='input_1_4' type='text' value='' class='large'      aria-invalid=\"false\"   \/><\/div><\/div><div id=\"field_1_3\" class=\"gfield gfield--type-email gfield--input-type-email gfield--width-quarter field_sublabel_below gfield--no-description field_description_below field_validation_below gfield_visibility_visible\"  ><label class='gfield_label gform-field-label' for='input_1_3'>Adresse \u00e9lectronique<\/label><div class='ginput_container ginput_container_email'>\n                            <input name='input_3' id='input_1_3' type='email' value='' class='large'     aria-invalid=\"false\"  \/>\n                        <\/div><\/div><div id=\"field_submit\" class=\"gfield gfield--type-submit gfield--width-quarter field_sublabel_below gfield--no-description field_description_below field_validation_below gfield_visibility_visible\"  data-field-class=\"gform_editor_submit_container\" data-field-position=\"inline\" ><input type='submit' id='gform_submit_button_1' class='gform-button gform-button--white  button' onclick='gform.submission.handleButtonClick(this);' data-submission-type='submit' value='S&#039;inscrire'  \/><\/div><\/div><\/div>\n        <div class='gform-footer gform_footer top_label'>  \n            <input type='hidden' class='gform_hidden' name='gform_submission_method' data-js='gform_submission_method_1' value='postback' \/>\n            <input type='hidden' class='gform_hidden' name='gform_theme' data-js='gform_theme_1' id='gform_theme_1' value='gravity-theme' \/>\n            <input type='hidden' class='gform_hidden' name='gform_style_settings' data-js='gform_style_settings_1' id='gform_style_settings_1' value='[]' \/>\n            <input type='hidden' class='gform_hidden' name='is_submit_1' value='1' \/>\n            <input type='hidden' class='gform_hidden' name='gform_submit' value='1' \/>\n            \n            <input type='hidden' class='gform_hidden' name='gform_currency' data-currency='CAD' value='T31RPQO5yuNVahhGDLhj0DWt3aKq69alimH7M7RQzHPtXiHzw+FW8vVwhwfVzV\/Ko+3BbJps6oqxwtY1RqMwBXEbgqQx1p9M1ecQA0vKxUcXCu0=' \/>\n            <input type='hidden' class='gform_hidden' name='gform_unique_id' value='' \/>\n            <input type='hidden' class='gform_hidden' name='state_1' value='WyJbXSIsIjUxZGI1YmYyZWRiMjAyYjA2NTkzZDYzMDBlYmI1MTBlIl0=' \/>\n            <input type='hidden' autocomplete='off' class='gform_hidden' name='gform_target_page_number_1' id='gform_target_page_number_1' value='0' \/>\n            <input type='hidden' autocomplete='off' class='gform_hidden' name='gform_source_page_number_1' id='gform_source_page_number_1' value='1' \/>\n            <input type='hidden' name='gform_field_values' value='' \/>\n            \n        <\/div>\n                        <\/form>\n                        <\/div><script>\ngform.initializeOnLoaded( function() {gformInitSpinner( 1, 'https:\/\/lgfb.ca\/wp-content\/plugins\/gravityforms\/images\/spinner.svg', true );jQuery('#gform_ajax_frame_1').on('load',function(){var contents = jQuery(this).contents().find('*').html();var is_postback = contents.indexOf('GF_AJAX_POSTBACK') >= 0;if(!is_postback){return;}var form_content = jQuery(this).contents().find('#gform_wrapper_1');var is_confirmation = jQuery(this).contents().find('#gform_confirmation_wrapper_1').length > 0;var is_redirect = contents.indexOf('gformRedirect(){') >= 0;var is_form = form_content.length > 0 && ! is_redirect && ! is_confirmation;var mt = parseInt(jQuery('html').css('margin-top'), 10) + parseInt(jQuery('body').css('margin-top'), 10) + 100;if(is_form){jQuery('#gform_wrapper_1').html(form_content.html());if(form_content.hasClass('gform_validation_error')){jQuery('#gform_wrapper_1').addClass('gform_validation_error');} else {jQuery('#gform_wrapper_1').removeClass('gform_validation_error');}setTimeout( function() { \/* delay the scroll by 50 milliseconds to fix a bug in chrome *\/  }, 50 );if(window['gformInitDatepicker']) {gformInitDatepicker();}if(window['gformInitPriceFields']) {gformInitPriceFields();}var current_page = jQuery('#gform_source_page_number_1').val();gformInitSpinner( 1, 'https:\/\/lgfb.ca\/wp-content\/plugins\/gravityforms\/images\/spinner.svg', true );jQuery(document).trigger('gform_page_loaded', [1, current_page]);window['gf_submitting_1'] = false;}else if(!is_redirect){var confirmation_content = jQuery(this).contents().find('.GF_AJAX_POSTBACK').html();if(!confirmation_content){confirmation_content = contents;}jQuery('#gform_wrapper_1').replaceWith(confirmation_content);jQuery(document).trigger('gform_confirmation_loaded', [1]);window['gf_submitting_1'] = false;wp.a11y.speak(jQuery('#gform_confirmation_message_1').text());}else{jQuery('#gform_1').append(contents);if(window['gformRedirect']) {gformRedirect();}}jQuery(document).trigger(\"gform_pre_post_render\", [{ formId: \"1\", currentPage: \"current_page\", abort: function() { this.preventDefault(); } }]);        if (event && event.defaultPrevented) {                return;        }        const gformWrapperDiv = document.getElementById( \"gform_wrapper_1\" );        if ( gformWrapperDiv ) {            const visibilitySpan = document.createElement( \"span\" );            visibilitySpan.id = \"gform_visibility_test_1\";            gformWrapperDiv.insertAdjacentElement( \"afterend\", visibilitySpan );        }        const visibilityTestDiv = document.getElementById( \"gform_visibility_test_1\" );        let postRenderFired = false;        function triggerPostRender() {            if ( postRenderFired ) {                return;            }            postRenderFired = true;            gform.core.triggerPostRenderEvents( 1, current_page );            if ( visibilityTestDiv ) {                visibilityTestDiv.parentNode.removeChild( visibilityTestDiv );            }        }        function debounce( func, wait, immediate ) {            var timeout;            return function() {                var context = this, args = arguments;                var later = function() {                    timeout = null;                    if ( !immediate ) func.apply( context, args );                };                var callNow = immediate && !timeout;                clearTimeout( timeout );                timeout = setTimeout( later, wait );                if ( callNow ) func.apply( context, args );            };        }        const debouncedTriggerPostRender = debounce( function() {            triggerPostRender();        }, 200 );        if ( visibilityTestDiv && visibilityTestDiv.offsetParent === null ) {            const observer = new MutationObserver( ( mutations ) => {                mutations.forEach( ( mutation ) => {                    if ( mutation.type === 'attributes' && visibilityTestDiv.offsetParent !== null ) {                        debouncedTriggerPostRender();                        observer.disconnect();                    }                });            });            observer.observe( document.body, {                attributes: true,                childList: false,                subtree: true,                attributeFilter: [ 'style', 'class' ],            });        } else {            triggerPostRender();        }    } );} );\n<\/script>\n\n                              <\/div>\n                          <\/div>\n        <\/div>\n    <\/section>\n","protected":false},"excerpt":{"rendered":"","protected":false},"author":8,"featured_media":6652,"parent":0,"menu_order":0,"comment_status":"closed","ping_status":"closed","template":"","meta":{"_acf_changed":false,"footnotes":""},"topic":[112],"treatment-stage":[],"audience-type":[81],"gender":[],"class_list":["post-2176","page","type-page","status-publish","has-post-thumbnail","hentry","topic-facons-de-donner","audience-type-donateurs"],"acf":[],"yoast_head":"<!-- This site is optimized with the Yoast SEO plugin v27.2 - https:\/\/yoast.com\/product\/yoast-seo-wordpress\/ -->\n<title>Dons mensuels - LGFB<\/title>\n<meta name=\"description\" content=\"Devenez donateur ou donatrice mensuel pour soutenir les Canadiens et Canadiennes atteints de cancer, leur donner de l&#039;espoir, renforcer leur confiance et assurer le succ\u00e8s des programmes de Belle et bien dans sa peau.\" \/>\n<meta name=\"robots\" content=\"index, follow, max-snippet:-1, max-image-preview:large, max-video-preview:-1\" \/>\n<link rel=\"canonical\" href=\"https:\/\/lgfb.ca\/fr\/monthly-giving\/\" \/>\n<meta property=\"og:locale\" content=\"fr_FR\" \/>\n<meta property=\"og:type\" content=\"article\" \/>\n<meta property=\"og:title\" content=\"Dons mensuels - LGFB\" \/>\n<meta property=\"og:description\" content=\"Devenez donateur ou donatrice mensuel pour soutenir les Canadiens et Canadiennes atteints de cancer, leur donner de l&#039;espoir, renforcer leur confiance et assurer le succ\u00e8s des programmes de Belle et bien dans sa peau.\" \/>\n<meta property=\"og:url\" content=\"https:\/\/lgfb.ca\/fr\/monthly-giving\/\" \/>\n<meta property=\"og:site_name\" content=\"LGFB\" \/>\n<meta property=\"article:modified_time\" content=\"2026-04-20T13:15:29+00:00\" \/>\n<meta property=\"og:image\" content=\"https:\/\/lgfb.ca\/wp-content\/uploads\/2025\/09\/volunteer-and-participant-looking-at-each-other@2x-1-scaled.jpg\" \/>\n\t<meta property=\"og:image:width\" content=\"2560\" \/>\n\t<meta property=\"og:image:height\" content=\"1706\" \/>\n\t<meta property=\"og:image:type\" content=\"image\/jpeg\" \/>\n<meta name=\"twitter:card\" content=\"summary_large_image\" \/>\n<meta name=\"twitter:label1\" content=\"Est. reading time\" \/>\n\t<meta name=\"twitter:data1\" content=\"1 minute\" \/>\n<script type=\"application\/ld+json\" class=\"yoast-schema-graph\">{\"@context\":\"https:\/\/schema.org\",\"@graph\":[{\"@type\":\"WebPage\",\"@id\":\"https:\/\/lgfb.ca\/fr\/monthly-giving\/\",\"url\":\"https:\/\/lgfb.ca\/fr\/monthly-giving\/\",\"name\":\"Dons mensuels - LGFB\",\"isPartOf\":{\"@id\":\"https:\/\/lgfb.ca\/fr\/#website\"},\"primaryImageOfPage\":{\"@id\":\"https:\/\/lgfb.ca\/fr\/monthly-giving\/#primaryimage\"},\"image\":{\"@id\":\"https:\/\/lgfb.ca\/fr\/monthly-giving\/#primaryimage\"},\"thumbnailUrl\":\"https:\/\/lgfb.ca\/wp-content\/uploads\/2025\/09\/volunteer-and-participant-looking-at-each-other@2x-1-scaled.jpg\",\"datePublished\":\"2025-08-01T00:02:15+00:00\",\"dateModified\":\"2026-04-20T13:15:29+00:00\",\"description\":\"Devenez donateur ou donatrice mensuel pour soutenir les Canadiens et Canadiennes atteints de cancer, leur donner de l'espoir, renforcer leur confiance et assurer le succ\u00e8s des programmes de Belle et bien dans sa peau.\",\"breadcrumb\":{\"@id\":\"https:\/\/lgfb.ca\/fr\/monthly-giving\/#breadcrumb\"},\"inLanguage\":\"fr-FR\",\"potentialAction\":[{\"@type\":\"ReadAction\",\"target\":[\"https:\/\/lgfb.ca\/fr\/monthly-giving\/\"]}]},{\"@type\":\"ImageObject\",\"inLanguage\":\"fr-FR\",\"@id\":\"https:\/\/lgfb.ca\/fr\/monthly-giving\/#primaryimage\",\"url\":\"https:\/\/lgfb.ca\/wp-content\/uploads\/2025\/09\/volunteer-and-participant-looking-at-each-other@2x-1-scaled.jpg\",\"contentUrl\":\"https:\/\/lgfb.ca\/wp-content\/uploads\/2025\/09\/volunteer-and-participant-looking-at-each-other@2x-1-scaled.jpg\",\"width\":2560,\"height\":1706,\"caption\":\"Un b\u00e9n\u00e9vole de Belle et bien dans sa peau et une participante se sourient en se tenant la main.\"},{\"@type\":\"BreadcrumbList\",\"@id\":\"https:\/\/lgfb.ca\/fr\/monthly-giving\/#breadcrumb\",\"itemListElement\":[{\"@type\":\"ListItem\",\"position\":1,\"name\":\"Home\",\"item\":\"https:\/\/lgfb.ca\/fr\/\"},{\"@type\":\"ListItem\",\"position\":2,\"name\":\"Dons mensuels\"}]},{\"@type\":\"WebSite\",\"@id\":\"https:\/\/lgfb.ca\/fr\/#website\",\"url\":\"https:\/\/lgfb.ca\/fr\/\",\"name\":\"LGFB\",\"description\":\"\",\"potentialAction\":[{\"@type\":\"SearchAction\",\"target\":{\"@type\":\"EntryPoint\",\"urlTemplate\":\"https:\/\/lgfb.ca\/fr\/?s={search_term_string}\"},\"query-input\":{\"@type\":\"PropertyValueSpecification\",\"valueRequired\":true,\"valueName\":\"search_term_string\"}}],\"inLanguage\":\"fr-FR\"}]}<\/script>\n<!-- \/ Yoast SEO plugin. -->","yoast_head_json":{"title":"Dons mensuels - LGFB","description":"Devenez donateur ou donatrice mensuel pour soutenir les Canadiens et Canadiennes atteints de cancer, leur donner de l'espoir, renforcer leur confiance et assurer le succ\u00e8s des programmes de Belle et bien dans sa peau.","robots":{"index":"index","follow":"follow","max-snippet":"max-snippet:-1","max-image-preview":"max-image-preview:large","max-video-preview":"max-video-preview:-1"},"canonical":"https:\/\/lgfb.ca\/fr\/monthly-giving\/","og_locale":"fr_FR","og_type":"article","og_title":"Dons mensuels - LGFB","og_description":"Devenez donateur ou donatrice mensuel pour soutenir les Canadiens et Canadiennes atteints de cancer, leur donner de l'espoir, renforcer leur confiance et assurer le succ\u00e8s des programmes de Belle et bien dans sa peau.","og_url":"https:\/\/lgfb.ca\/fr\/monthly-giving\/","og_site_name":"LGFB","article_modified_time":"2026-04-20T13:15:29+00:00","og_image":[{"width":2560,"height":1706,"url":"https:\/\/lgfb.ca\/wp-content\/uploads\/2025\/09\/volunteer-and-participant-looking-at-each-other@2x-1-scaled.jpg","type":"image\/jpeg"}],"twitter_card":"summary_large_image","twitter_misc":{"Est. reading time":"1 minute"},"schema":{"@context":"https:\/\/schema.org","@graph":[{"@type":"WebPage","@id":"https:\/\/lgfb.ca\/fr\/monthly-giving\/","url":"https:\/\/lgfb.ca\/fr\/monthly-giving\/","name":"Dons mensuels - LGFB","isPartOf":{"@id":"https:\/\/lgfb.ca\/fr\/#website"},"primaryImageOfPage":{"@id":"https:\/\/lgfb.ca\/fr\/monthly-giving\/#primaryimage"},"image":{"@id":"https:\/\/lgfb.ca\/fr\/monthly-giving\/#primaryimage"},"thumbnailUrl":"https:\/\/lgfb.ca\/wp-content\/uploads\/2025\/09\/volunteer-and-participant-looking-at-each-other@2x-1-scaled.jpg","datePublished":"2025-08-01T00:02:15+00:00","dateModified":"2026-04-20T13:15:29+00:00","description":"Devenez donateur ou donatrice mensuel pour soutenir les Canadiens et Canadiennes atteints de cancer, leur donner de l'espoir, renforcer leur confiance et assurer le succ\u00e8s des programmes de Belle et bien dans sa peau.","breadcrumb":{"@id":"https:\/\/lgfb.ca\/fr\/monthly-giving\/#breadcrumb"},"inLanguage":"fr-FR","potentialAction":[{"@type":"ReadAction","target":["https:\/\/lgfb.ca\/fr\/monthly-giving\/"]}]},{"@type":"ImageObject","inLanguage":"fr-FR","@id":"https:\/\/lgfb.ca\/fr\/monthly-giving\/#primaryimage","url":"https:\/\/lgfb.ca\/wp-content\/uploads\/2025\/09\/volunteer-and-participant-looking-at-each-other@2x-1-scaled.jpg","contentUrl":"https:\/\/lgfb.ca\/wp-content\/uploads\/2025\/09\/volunteer-and-participant-looking-at-each-other@2x-1-scaled.jpg","width":2560,"height":1706,"caption":"Un b\u00e9n\u00e9vole de Belle et bien dans sa peau et une participante se sourient en se tenant la main."},{"@type":"BreadcrumbList","@id":"https:\/\/lgfb.ca\/fr\/monthly-giving\/#breadcrumb","itemListElement":[{"@type":"ListItem","position":1,"name":"Home","item":"https:\/\/lgfb.ca\/fr\/"},{"@type":"ListItem","position":2,"name":"Dons mensuels"}]},{"@type":"WebSite","@id":"https:\/\/lgfb.ca\/fr\/#website","url":"https:\/\/lgfb.ca\/fr\/","name":"LGFB","description":"","potentialAction":[{"@type":"SearchAction","target":{"@type":"EntryPoint","urlTemplate":"https:\/\/lgfb.ca\/fr\/?s={search_term_string}"},"query-input":{"@type":"PropertyValueSpecification","valueRequired":true,"valueName":"search_term_string"}}],"inLanguage":"fr-FR"}]}},"_links":{"self":[{"href":"https:\/\/lgfb.ca\/fr\/wp-json\/wp\/v2\/pages\/2176","targetHints":{"allow":["GET"]}}],"collection":[{"href":"https:\/\/lgfb.ca\/fr\/wp-json\/wp\/v2\/pages"}],"about":[{"href":"https:\/\/lgfb.ca\/fr\/wp-json\/wp\/v2\/types\/page"}],"author":[{"embeddable":true,"href":"https:\/\/lgfb.ca\/fr\/wp-json\/wp\/v2\/users\/8"}],"replies":[{"embeddable":true,"href":"https:\/\/lgfb.ca\/fr\/wp-json\/wp\/v2\/comments?post=2176"}],"version-history":[{"count":12,"href":"https:\/\/lgfb.ca\/fr\/wp-json\/wp\/v2\/pages\/2176\/revisions"}],"predecessor-version":[{"id":16025,"href":"https:\/\/lgfb.ca\/fr\/wp-json\/wp\/v2\/pages\/2176\/revisions\/16025"}],"wp:featuredmedia":[{"embeddable":true,"href":"https:\/\/lgfb.ca\/fr\/wp-json\/wp\/v2\/media\/6652"}],"wp:attachment":[{"href":"https:\/\/lgfb.ca\/fr\/wp-json\/wp\/v2\/media?parent=2176"}],"wp:term":[{"taxonomy":"topic","embeddable":true,"href":"https:\/\/lgfb.ca\/fr\/wp-json\/wp\/v2\/topic?post=2176"},{"taxonomy":"treatment-stage","embeddable":true,"href":"https:\/\/lgfb.ca\/fr\/wp-json\/wp\/v2\/treatment-stage?post=2176"},{"taxonomy":"audience-type","embeddable":true,"href":"https:\/\/lgfb.ca\/fr\/wp-json\/wp\/v2\/audience-type?post=2176"},{"taxonomy":"gender","embeddable":true,"href":"https:\/\/lgfb.ca\/fr\/wp-json\/wp\/v2\/gender?post=2176"}],"curies":[{"name":"wp","href":"https:\/\/api.w.org\/{rel}","templated":true}]}}