{"id":15989,"date":"2026-04-15T18:11:52","date_gmt":"2026-04-15T22:11:52","guid":{"rendered":"https:\/\/lgfb.ca\/?page_id=15989"},"modified":"2026-04-16T10:37:30","modified_gmt":"2026-04-16T14:37:30","slug":"donatespring","status":"publish","type":"page","link":"https:\/\/lgfb.ca\/fr\/donatespring\/","title":{"rendered":"Donate"},"content":{"rendered":"<section id=\"block_1cb848b6ee50c241323ac7f0382043ef\" class=\"simple-hero simple-hero--hibiscus wp-block-simple-hero\">\n      <div class=\"simple-hero__inner\">\n        <div class=\"simple-hero__container container\">\n          <div class=\"simple-hero__content simple-hero__content--left\">\n                                      <h1 class=\"simple-hero__title\">Faites un don \u00e0 Belle et bien dans sa peau <\/h1>\n                                                  <p class=\"simple-hero__text\">Votre don peut changer des vies. Ensemble, nous pouvons veiller \u00e0 ce qu&#039;aucun Canadien ni Canadienne ne soit confront\u00e9 seul au cancer. Votre don finance des ateliers, des ressources et des programmes gratuits qui offrent un soutien \u00e9motionnel, des conseils pratiques et une communaut\u00e9 bienveillante.<\/p>\n                      <\/div>\n          <div class=\"simple-hero__content simple-hero__content--right\">\n                      <\/div>\n        <\/div>\n              <\/div>\n    <\/section>\n\n\n\n<center>\n<div id=\"blackbaud-donation-form_7a5579ef-1f5c-402c-b994-b48ec8338243\"><\/div>\n        <script src=\"https:\/\/sky.blackbaudcdn.net\/static\/donor-form-loader\/2\/main.js\"><\/script>\n        <script>BBDonorFormLoader.newBlackbaudDonationFormZoned('renxt', 'p-muH0Ybzz-USWm2BlRp3rIw', '7a5579ef-1f5c-402c-b994-b48ec8338243', 'can')<\/script>\n<\/center>\n\n\n<div class=\"lgfb-spacer   hide-for-small-only  hide-for-medium-only  \" style=\"margin:-40px 0 0\"><\/div>\n\n\n<section id=\"block_4a4c4d694ef7f1448320b9e02f4baa93\" class=\"lgfb-rich-text wp-block-rich-text\">\n        <div class=\"container\">\n            <div class=\"lgfb-rich-text__inner\">\n                                  <p class=\"simple-hero__title\" style=\"text-align: center;\"><a class=\"btn-lgfb btn-lgfb--default btn-lgfb--medium btn-lgfb--rich-text\" href=\"https:\/\/lgfb.ca\/fr\/politique-de-confidentialite\/\" target=\"_blank\" rel=\"noopener\">Comprenez notre Politique de confidentialit\u00e9<\/a><\/p>\n\n                            <\/div>\n                    <\/div>\n    <\/section>\n","protected":false},"excerpt":{"rendered":"","protected":false},"author":10,"featured_media":0,"parent":0,"menu_order":0,"comment_status":"closed","ping_status":"closed","template":"","meta":{"_acf_changed":false,"footnotes":""},"topic":[],"treatment-stage":[],"audience-type":[81],"gender":[],"class_list":["post-15989","page","type-page","status-publish","hentry","audience-type-donateurs"],"acf":[],"yoast_head":"<!-- This site is optimized with the Yoast SEO plugin v27.2 - https:\/\/yoast.com\/product\/yoast-seo-wordpress\/ -->\n<title>Donate - LGFB<\/title>\n<meta name=\"robots\" content=\"index, follow, max-snippet:-1, max-image-preview:large, max-video-preview:-1\" \/>\n<link rel=\"canonical\" href=\"https:\/\/lgfb.ca\/fr\/donatespring\/\" \/>\n<meta property=\"og:locale\" content=\"fr_FR\" \/>\n<meta property=\"og:type\" content=\"article\" \/>\n<meta property=\"og:title\" content=\"Donate - LGFB\" \/>\n<meta property=\"og:url\" content=\"https:\/\/lgfb.ca\/fr\/donatespring\/\" \/>\n<meta property=\"og:site_name\" content=\"LGFB\" \/>\n<meta property=\"article:modified_time\" content=\"2026-04-16T14:37:30+00:00\" \/>\n<meta name=\"twitter:card\" content=\"summary_large_image\" \/>\n<meta name=\"twitter:label1\" content=\"Est. reading time\" \/>\n\t<meta name=\"twitter:data1\" content=\"1 minute\" \/>\n<script type=\"application\/ld+json\" class=\"yoast-schema-graph\">{\"@context\":\"https:\/\/schema.org\",\"@graph\":[{\"@type\":\"WebPage\",\"@id\":\"https:\/\/lgfb.ca\/fr\/donatespring\/\",\"url\":\"https:\/\/lgfb.ca\/fr\/donatespring\/\",\"name\":\"Donate - LGFB\",\"isPartOf\":{\"@id\":\"https:\/\/lgfb.ca\/fr\/#website\"},\"datePublished\":\"2026-04-15T22:11:52+00:00\",\"dateModified\":\"2026-04-16T14:37:30+00:00\",\"breadcrumb\":{\"@id\":\"https:\/\/lgfb.ca\/fr\/donatespring\/#breadcrumb\"},\"inLanguage\":\"fr-FR\",\"potentialAction\":[{\"@type\":\"ReadAction\",\"target\":[\"https:\/\/lgfb.ca\/fr\/donatespring\/\"]}]},{\"@type\":\"BreadcrumbList\",\"@id\":\"https:\/\/lgfb.ca\/fr\/donatespring\/#breadcrumb\",\"itemListElement\":[{\"@type\":\"ListItem\",\"position\":1,\"name\":\"Home\",\"item\":\"https:\/\/lgfb.ca\/fr\/\"},{\"@type\":\"ListItem\",\"position\":2,\"name\":\"Donate\"}]},{\"@type\":\"WebSite\",\"@id\":\"https:\/\/lgfb.ca\/fr\/#website\",\"url\":\"https:\/\/lgfb.ca\/fr\/\",\"name\":\"LGFB\",\"description\":\"\",\"potentialAction\":[{\"@type\":\"SearchAction\",\"target\":{\"@type\":\"EntryPoint\",\"urlTemplate\":\"https:\/\/lgfb.ca\/fr\/?s={search_term_string}\"},\"query-input\":{\"@type\":\"PropertyValueSpecification\",\"valueRequired\":true,\"valueName\":\"search_term_string\"}}],\"inLanguage\":\"fr-FR\"}]}<\/script>\n<!-- \/ Yoast SEO plugin. -->","yoast_head_json":{"title":"Donate - LGFB","robots":{"index":"index","follow":"follow","max-snippet":"max-snippet:-1","max-image-preview":"max-image-preview:large","max-video-preview":"max-video-preview:-1"},"canonical":"https:\/\/lgfb.ca\/fr\/donatespring\/","og_locale":"fr_FR","og_type":"article","og_title":"Donate - LGFB","og_url":"https:\/\/lgfb.ca\/fr\/donatespring\/","og_site_name":"LGFB","article_modified_time":"2026-04-16T14:37:30+00:00","twitter_card":"summary_large_image","twitter_misc":{"Est. reading time":"1 minute"},"schema":{"@context":"https:\/\/schema.org","@graph":[{"@type":"WebPage","@id":"https:\/\/lgfb.ca\/fr\/donatespring\/","url":"https:\/\/lgfb.ca\/fr\/donatespring\/","name":"Donate - LGFB","isPartOf":{"@id":"https:\/\/lgfb.ca\/fr\/#website"},"datePublished":"2026-04-15T22:11:52+00:00","dateModified":"2026-04-16T14:37:30+00:00","breadcrumb":{"@id":"https:\/\/lgfb.ca\/fr\/donatespring\/#breadcrumb"},"inLanguage":"fr-FR","potentialAction":[{"@type":"ReadAction","target":["https:\/\/lgfb.ca\/fr\/donatespring\/"]}]},{"@type":"BreadcrumbList","@id":"https:\/\/lgfb.ca\/fr\/donatespring\/#breadcrumb","itemListElement":[{"@type":"ListItem","position":1,"name":"Home","item":"https:\/\/lgfb.ca\/fr\/"},{"@type":"ListItem","position":2,"name":"Donate"}]},{"@type":"WebSite","@id":"https:\/\/lgfb.ca\/fr\/#website","url":"https:\/\/lgfb.ca\/fr\/","name":"LGFB","description":"","potentialAction":[{"@type":"SearchAction","target":{"@type":"EntryPoint","urlTemplate":"https:\/\/lgfb.ca\/fr\/?s={search_term_string}"},"query-input":{"@type":"PropertyValueSpecification","valueRequired":true,"valueName":"search_term_string"}}],"inLanguage":"fr-FR"}]}},"_links":{"self":[{"href":"https:\/\/lgfb.ca\/fr\/wp-json\/wp\/v2\/pages\/15989","targetHints":{"allow":["GET"]}}],"collection":[{"href":"https:\/\/lgfb.ca\/fr\/wp-json\/wp\/v2\/pages"}],"about":[{"href":"https:\/\/lgfb.ca\/fr\/wp-json\/wp\/v2\/types\/page"}],"author":[{"embeddable":true,"href":"https:\/\/lgfb.ca\/fr\/wp-json\/wp\/v2\/users\/10"}],"replies":[{"embeddable":true,"href":"https:\/\/lgfb.ca\/fr\/wp-json\/wp\/v2\/comments?post=15989"}],"version-history":[{"count":3,"href":"https:\/\/lgfb.ca\/fr\/wp-json\/wp\/v2\/pages\/15989\/revisions"}],"predecessor-version":[{"id":16010,"href":"https:\/\/lgfb.ca\/fr\/wp-json\/wp\/v2\/pages\/15989\/revisions\/16010"}],"wp:attachment":[{"href":"https:\/\/lgfb.ca\/fr\/wp-json\/wp\/v2\/media?parent=15989"}],"wp:term":[{"taxonomy":"topic","embeddable":true,"href":"https:\/\/lgfb.ca\/fr\/wp-json\/wp\/v2\/topic?post=15989"},{"taxonomy":"treatment-stage","embeddable":true,"href":"https:\/\/lgfb.ca\/fr\/wp-json\/wp\/v2\/treatment-stage?post=15989"},{"taxonomy":"audience-type","embeddable":true,"href":"https:\/\/lgfb.ca\/fr\/wp-json\/wp\/v2\/audience-type?post=15989"},{"taxonomy":"gender","embeddable":true,"href":"https:\/\/lgfb.ca\/fr\/wp-json\/wp\/v2\/gender?post=15989"}],"curies":[{"name":"wp","href":"https:\/\/api.w.org\/{rel}","templated":true}]}}